{"id":11,"date":"2021-09-06T05:09:19","date_gmt":"2021-09-05T20:09:19","guid":{"rendered":"https:\/\/wiener-koalanokai.com\/de-home\/?page_id=11"},"modified":"2022-08-06T21:08:01","modified_gmt":"2022-08-06T12:08:01","slug":"start","status":"publish","type":"page","link":"https:\/\/wiener-koalanokai.com\/de-home\/","title":{"rendered":"Gr\u00fc\u00dfe von den Gr\u00fcndern des Wiener Koalano Kai"},"content":{"rendered":"\n<div class=\"wp-block-buttons is-layout-flex wp-block-buttons-is-layout-flex\">\n<div class=\"wp-block-button has-custom-font-size has-small-font-size\"><a class=\"wp-block-button__link has-white-color has-vivid-red-background-color has-text-color has-background no-border-radius\" href=\"https:\/\/wiener-koalanokai.com\/de\/membership-account\/registrieren-pay\/?level=1\">Mitglied werden<\/a><\/div>\n<\/div>\n\n\n\n<pre class=\"wp-block-code\"><code><h1 id=\"de\"><strong>Deutsche Fassung, neue japanische Fassung\nZu guter Letzt: Gr\u00fc\u00dfe von den Gr\u00fcndern des Wiener Koalano Kai.\n<\/strong><\/h1><\/code><\/pre>\n\n\n\n<p class=\"has-text-align-right has-normal-font-size\">Ausgabe 28. Mai 2022<\/p>\n\n\n\n<p>Ich bin Yuuji Yuasa, Pr\u00e4sident des Vereins Wiener Koalano Kai. Der Wiener Koalano Kai, der am 15. Februar in Japan ins Leben gerufen wurde, wird nun auch in Wien an den Start gehen. Seit der ersten Planung hat es etwa drei Jahre gedauert. Die Anforderungen waren gr\u00f6\u00dfer, als wir urspr\u00fcnglich dachten, und es ist schwierig, sie alle auf einmal zu erf\u00fcllen, aber wir werden mit unseren Mitgliedern zusammenarbeiten, um dies zu erreichen.<\/p>\n\n\n\n<p>In erster Linie m\u00f6chten wir Menschen einladen, die in den letzten 30 Jahren in Wien studiert haben, derzeitige Studenten, Menschen, die in Wien leben und\/oder arbeiten, Menschen, die Wien lieben, Musiker\/innen, und, am wichtigsten, Menschen, die klassische Musik in Wien lieben. Wir planen eine Website f\u00fcr Menschen, die sich mit klassischer Musik besch\u00e4ftigen oder sie lieben, um Ideen und Meinungen auszutauschen, alte Kontakte wieder aufleben zu lassen und neue zu schaffen. Wir werden ein System verwenden, das nur f\u00fcr Mitglieder zug\u00e4nglich ist, so dass die Teilnehmer ihre Meinungen austauschen k\u00f6nnen, ohne ihren echten Namen und pers\u00f6nliche Daten angeben zu m\u00fcssen. Die erste Priorit\u00e4t ist der Austausch. Aus diesem Grund plant der Wiener Koalano Kai verschiedene Aktionen f\u00fcr Mitglieder, die frei im Club organisiert werden, sowie Diskussionsrunden via Zoom.<br><br>Die Organisation wurde im August 2021 als gemeinn\u00fctziger Verein anerkannt. Die Mitgliedschaft basiert auf einem Mitgliedsbeitrag, um Verleumdungen und die Weitergabe pers\u00f6nlicher Daten im Internet zu verhindern. Der j\u00e4hrliche Beitrag betr\u00e4gt 60 Euro und kann in einer beliebigen Anzahl von Einheiten gezahlt werden. Dieses Geld wird nur zur Deckung der minimalen Betriebskosten der Gesch\u00e4ftsstelle und zumindest der Personalkosten f\u00fcr die nicht dem Verein angeh\u00f6renden F\u00fchrungskr\u00e4fte verwendet. 60 Euro ist ein Betrag, mit dem Sie eine Tasse Kaffee f\u00fcr 5 Euro pro Monat bezahlen k\u00f6nnen. Wir wollen es auch unseren Freund\/innen aus Osteuropa, Russland und der Ukraine erm\u00f6glichen, sich zu beteiligen.<\/p>\n\n\n\n<p>Zuallererst m\u00f6chte ich Sie fragen<br>Ich m\u00f6chte alle Musiker\/innen und Nicht-Musiker:innen auffordern, eine Visitenkarte zu erstellen, um sich gegenseitig vorzustellen. Dies wird die Kommunikation zwischen den Mitgliedern erleichtern.Dar\u00fcber hinaus bitten wir insbesondere Musiker\/innen, PR-Informationen, haupts\u00e4chlich auf der Grundlage von Klangquellen, f\u00fcr ihre eigene Werbung zu erstellen und ihre Aktivit\u00e4ten anzuzeigen. Wir werden Sie auch bei Ihren musikalischen Aktivit\u00e4ten unterst\u00fctzen.<br>Schlie\u00dflich wollen wir ein neues Informationsb\u00fcro f\u00fcr Musiker:innen einrichten.<\/p>\n\n\n\n<p>Wir sind besonders daran interessiert, junge Musiker:innen zu entdecken.Um den Austausch anzuregen, m\u00f6chten wir in der Rubrik &#8222;Aktivit\u00e4ten&#8220; so viel wie m\u00f6glich \u00fcber Ihre derzeitigen Aktivit\u00e4ten erfahren.<\/p>\n\n\n\n<p>In der heutigen Internet-Gesellschaft ist es von entscheidender Bedeutung, dass Informationen an so viele Menschen wie m\u00f6glich weitergegeben werden, aber wir m\u00f6chten damit beginnen, die Zahl der vertrauensw\u00fcrdigen Freunde zu sammeln und zu erh\u00f6hen.<\/p>\n\n\n\n<p>Zweitens befindet sich die klassische Musikszene weltweit im Niedergang, der in den 1960er und 1980er Jahren begann und sich seither beschleunigt hat. Nach Ansicht einiger Wissenschaftler wird die Population der klassischen Musik in zehn Jahren etwa 30 % des heutigen Standes betragen.<\/p>\n\n\n\n<p>Die Wiener Festwochen, die Sie vielleicht kennen, haben sich in den letzten sieben Jahren ver\u00e4ndert und sind durch ein Theaterfestival ersetzt worden. Lassen Sie uns gemeinsam daran arbeiten, sie wiederzubeleben. Der Niedergang der traditionellen Musikfestivals schreitet mit alarmierender Geschwindigkeit voran. Seit 30 Jahren bin ich an der Universit\u00e4t f\u00fcr Musik und darstellende Kunst Wien im Fachbereich Dirigieren t\u00e4tig. Um dieses Ph\u00e4nomen des Niedergangs zu durchbrechen, m\u00f6chte ich gemeinsam mit Ihnen allen daran arbeiten, die Wiener Klassikwelt wieder zu ihrer Bl\u00fctezeit zur\u00fcckzuf\u00fchren.<\/p>\n\n\n\n<p>Ich m\u00f6chte diesen Kreis des Austauschs auch auf Dirigent\/innen, Musiker\/innen, Musikvereine und das Publikum in der ganzen Welt ausweiten.<\/p>\n\n\n\n<p>In einem Monat werden wir auch beginnen, Dirigent\/innen und Dirigierstudent\/innen auf der ganzen Welt zu unserem Austauschprogramm einzuladen.<\/p>\n\n\n\n<p><strong>Verein des Wiener Koalano Kai<\/strong><br>(Internationale Musiker ihnenvernetzung und Vermittlung)<br>Lerchenfelderstr. 62-64\/14 A-1080 Wien<\/p>\n\n\n\n<p class=\"has-vivid-cyan-blue-color has-text-color\">Vorstand                      Mitglieder<\/p>\n\n\n\n<p class=\"has-black-color has-text-color\">Vorstand                      Yuji Yuasa<br>Vize Vorstand           Michael Schneider<br>Schriftsteller             Moritz Lauer<br>Kassier                         Georg Sonleitner<\/p>\n\n\n\n<p><strong>P.S.:<\/strong><\/p>\n\n\n\n<p>Seit dem 15. Februar ist die japanische Version der Wiener Koalano Kai in meinem Heimatland Japan tats\u00e4chlich gestartet. Aufgrund meiner nachdr\u00fccklichen Forderungen wurde mein langer Artikel zwar gelesen, aber die Zahl derer, die mir zustimmten, dasselbe zu tun, war unerwartet gering. Ich m\u00f6chte die Wiener Version des Wiener Koalano Kai \u00fcberarbeiten, um eine Reflexion dar\u00fcber zu erm\u00f6glichen.<\/p>\n\n\n\n<p>Wir suchen Japaner:innen genauso wie \u00d6sterreicher:innen, Menschen, die in den letzten 30 Jahren in Wien studiert haben, Menschen, die in Wien studieren wollen, Berufsmusiker:innen, die ihr Europadeb\u00fct vor allem in Wien geben wollen, Menschen, die in Wien arbeiten, Menschen, die fr\u00fcher in Wien gelebt haben, Menschen, die Wien lieben, Menschen, die Wiener Musik lieben, und Menschen, die sich f\u00fcr Wien interessieren. Diejenigen, die Wiener Musik lieben, junge Musiker:innen, die in Europa studieren und ihr internationales Deb\u00fct geben wollen, diejenigen, die an der Unterst\u00fctzung junger Musiker:innen interessiert sind, diejenigen, die die Welt der klassischen Musik in Japan verbessern wollen, diejenigen, die Zweifel an der derzeitigen Welt der klassischen Musik und der Bildung in Japan haben, und diejenigen, die bereit sind, mit der Gesellschaft zusammenzuarbeiten und sie zu unterst\u00fctzen. Ich suche vor allem nach Mitgliedern des allgemeinen Publikums, die bereit sind, mich zu unterst\u00fctzen, und die mit meinen langatmigen Inhalten einverstanden sind. Ich m\u00f6chte dies tun, weil wir auf diese Weise positiv \u00fcber das gleiche Ziel sprechen k\u00f6nnen. Ach ja, ich suche auch nach Dirigent:innen, die sich f\u00fcr die Welt interessieren, was mein Fachgebiet ist.<\/p>\n\n\n\n<p><strong>\u00dcber den langen Text, den ich geschrieben habe<\/strong><\/p>\n\n\n\n<p>Im Rahmen der Erneuerung der Verein der Wiener Koalano Kai m\u00f6chte ich eine \u00fcberarbeitete Fassung dieses langen Artikels erstellen und Sie einladen, ihn erneut zu lesen. Dieser Artikel ist kein verleumderisches Expos\u00e9, aber er beschreibt alle Probleme, Unzul\u00e4nglichkeiten, blinden Flecken und besch\u00e4menden Aspekte der gegenw\u00e4rtigen Welt der klassischen Musik, also betrachten Sie bitte alles, was nicht ver\u00f6ffentlicht wird, als gut oder problemfrei. Wir m\u00f6chten, dass m\u00f6glichst viele der 13 Millionen Menschen in der Welt der klassischen Musik diesen Artikel lesen und eines der darin beschriebenen Dinge f\u00fcr sich selbst tun. Wenn Sie der Meinung sind, dass auch nur eines der Ergebnisse gut f\u00fcr Sie ist, oder Sie Empathie daf\u00fcr empfinden, treten Sie bitte der Koala-Gesellschaft bei (oder treten Sie einem Konto bei, wenn Sie ein Problem mit Ihrer Position haben), oder unterst\u00fctzen Sie uns und arbeiten Sie mit. In der Zwischenzeit beabsichtigen wir, diesen Text an alle Abgeordneten zu verteilen. Bitte verbreiten Sie die Nachricht.<\/p>\n\n\n\n<p>Yuuji Yuasa<\/p>\n\n\n\n<div class=\"wp-block-columns is-layout-flex wp-container-core-columns-is-layout-1 wp-block-columns-is-layout-flex\">\n<div class=\"wp-block-column is-layout-flow wp-block-column-is-layout-flow\" style=\"flex-basis:100%\">\n<div class=\"wp-block-buttons is-content-justification-center is-layout-flex wp-block-buttons-is-layout-flex\">\n<div class=\"wp-block-button has-custom-font-size has-small-font-size\"><a class=\"wp-block-button__link has-white-color has-vivid-red-background-color has-text-color has-background no-border-radius\" href=\"https:\/\/wiener-koalanokai.com\/de\/membership-account\/registrieren-pay\/?level=1\">Mitglied werden<\/a><\/div>\n\n\n\n<div class=\"wp-block-button\"><a class=\"wp-block-button__link has-white-color has-vivid-cyan-blue-background-color has-text-color has-background\" href=\"https:\/\/wiener-koalanokai.com\/de-home\/spende\/\">Spenden<\/a><\/div>\n\n\n\n<div class=\"wp-block-button\"><a class=\"wp-block-button__link has-vivid-green-cyan-background-color has-background\" href=\"https:\/\/wiener-koalanokai.com\/de\/membership-login\/\">Anmelden<\/a><\/div>\n<\/div>\n<\/div>\n<\/div>\n\n\n\n<pre class=\"wp-block-preformatted has-black-color has-text-color\"><strong>Dieser lange Text ist schon auf japanisch ver\u00f6ffentlicht und wird in drei Monaten auf Deutsch und Englisch folgen.<\/strong>\n                                                          \n                             06.07.21 Wien\n                             Yuji Yuasa\n\n<strong>Kick-off in Japan und Wien Verein Wiener Koala<\/strong>\nLeidenschaftlich widme ich mich der Musik. Geboren bin ich zwar in Chiba, Japan, aber ich war \u00fcber 30 Jahre in musikp\u00e4dagogischen Berufen in Wien t\u00e4tig und kann einfach nicht aufh\u00f6ren dar\u00fcber nachzudenken. Auch wenn ich jetzt im Alter von 65 Jahren bereits in Pension bin, brenne ich daf\u00fcr etwas der Wiener Musikwelt beizutragen.\nIch sch\u00e4tze alle Vernetzungen und Kontakte, die ich w\u00e4hrend meines Berufslebens pflegen durfte. Nun sehe ich meine Berufung darin, diesen Musiker:innenkreis zu erweitern, um einen Beitrag zur klassischen Musik, insbesondere der Wiener Klassik, zu leisten.\n\n1. In erster Linie suche ich Menschen, die in Wien Musik studiert haben(z.b. Student:innen von MDW, MUK, andren Musikschule, Privatunterricht, Musikfest, Teilnehmer:innen von ProArte), und w\u00fcrde mit ihnen \u00fcber das Internet in Kontakt treten. Lasst uns, liebe Freund:innen, diesen Kontakt wiederherstellen und uns austauschen.\nIch bin gerade dabei, in Kooperation sowohl mit den Institutionen wie mdw, MUK, andere Konservatorien, als auch diejenigen, die hier Privatunterricht hatten und\/oder an Musikseminaren und\/oder im Pro Arte Orchester (mdw-Orchester f\u00fcr die Dirigentenstudierenden) teilnahmen, Kontaktinformationen ab 1980 bis heute zu sammeln. Verifizierte Informationen sind wichtig, um eine vertraute Mitgliedschaft zu gr\u00fcnden. Zun\u00e4chst habe ich 20.000 Mitglieder anvisiert und der Verein Wiener Koala dient als Grundlage daf\u00fcr. Um \u00fcberhaupt mit etwas anfangen zu k\u00f6nnen, brauche ich Euch.\n\n2. Das Dirigent:innen Netzwerk soll aus von 1950 bis heute in Wien ausgebildeten Dirigent:innen bestehen, sowie ex-Studierenden, in anderen L\u00e4ndern t\u00e4tigen Dirigent:innen, und selbstverst\u00e4ndlich aus meinem fr\u00fcheren Dirigent:innenkreis. Idealerweise etwa 5.000 Mitglieder.\n\n3. Ich plane die Erstellung von einem Netzwerk von Orchester- sowie Chormitgliedern der Wiener Staatsoper, der Volksoper und von weiteren Theatern von 1980 bis heute. Auch Universit\u00e4tsvortragende und Hochschullehrende w\u00fcrden hierzu geh\u00f6ren.\n\n4. Ich rufe die Personen auf, die sich in 1, 2, und 3 zusammengefunden haben, erneut \u00fcber die Tradition der Wiener Klassik und deren Zukunft nachzudenken. Dabei ist es essentiell auch die Menschen im Ruhestand zu involvieren.\n\nIn j\u00fcngster Vergangenheit erleben die mdw, die Volksoper, und vor allen die Wiener Philharmoniker und die Staatsoper eine neue Str\u00f6mung, die sich von den Gepflogenheiten, die bis vor etwa 10 Jahren stur verfolgt wurden, distanziert. Einer der Hintergr\u00fcnde daf\u00fcr ist, meiner Betrachtung nach, dass die jeweiligen Organisationen nicht die Wiener Tradition in den Vordergrund stellen, sondern sich von den in Europa immer mehr \u00fcblichen wirtschaftlichen Trends f\u00fchren lassen. Es ist mir ein Anliegen, dass die Wiener Klassikwelt weiterhin ihre Traditionen und deren Art der \u00dcberlieferung bewahrt um ihre Geschichte zu pflegen. Diese Haltung ist wesentlich f\u00fcr die klassische Musik, und daher appelliere ich an alle, die sich f\u00fcr die klassische Musik in Wien engagieren, die Welthauptstadt der Musik wiederzubeleben wie einst im Goldenen Zeitalter.\n\n5. So ersuche ich alle Musiker:innen dem Verein Wiener Koala beizutreten. Bitte erstellt eine universale Musiker:innenvisitenkarte bei uns. Eure Daten werden sorgf\u00e4ltig und transparent organisiert.\n\n<strong>Universale Musiker:innenvisitenkarte<\/strong>\nIch m\u00f6chte euch einen Vorschlag machen. Es ist besonders wichtig f\u00fcr diejenigen, die in der Kulturbranche arbeiten, Musikp\u00e4dagog:innen, Musikstudierende, einen Lebenslauf (Musiker:innenvisitenkarte) zu erstellen, der kompakt ist. Die sonst \u00fcblichen Lebensl\u00e4ufe, Videos. usw. sind zu unterschiedlich und enthalten zu viel Werbung f\u00fcr zu wenig Informationen. Sie wirken deshalb unprofessionell. Wenn gewisse Bedingungen einheitlich gemacht werden k\u00f6nnen, w\u00e4re es leichter Jobs und\/oder Stellen anzubieten und\/oder passende Kandidat:innen zu finden. Auf alle F\u00e4lle ist es wichtig, diese weltweit zu verbreiten.\nAn den Details wird noch gearbeitet, aber das w\u00e4re die Idee. Ich habe mich entschlossen, das Beitragsformular f\u00fcr den Verein Wiener Koala als Musiker:innenvisitenkarte je nach Bedarf zu verwenden.\n\n- Universale Musiker:innenvisitenkarten werden in der   \n Muttersprache des\/der K\u00fcnstler:in und in Englisch mit dem \n gleichen Inhalt erstellt.\n- Aufnahmen d\u00fcrfen 15 Minuten lang sein, die ersten 3 \n Minuten m\u00fcssen unbedingt Mozart sein um den Musikstil zu  \n dokumentieren). Die restlichen 12 Minuten sind frei zu \n gestalten.\n- Bis zu 3 Profilfotos.\n- Lebensl\u00e4ufe sind nur mit notwendigen Informationen in \n Bullet-\nPoints zu schreiben. Es wird ca. 50 Felder zum Ausf\u00fcllen geben.\n- Das Formular ist sorgf\u00e4ltig auszuf\u00fcllen.\n- Es m\u00fcssen nicht alle Felder ausgef\u00fcllt werden, aber wenn \n falsche Aussagen festgestellt werden, werdet ihr sofort \n aus der Liste entfernt.\n- Alles geschieht im Vertrauen.\n\nBeispiele der einzutragende Felder\n- Vor- und Nachname\n- Geschlecht\n- Geburtsdatum\n- Instrument\n- K\u00f6rpergr\u00f6\u00dfe\/Gewicht\n- Sprachkenntnisse in 3 Stufen\n- 3 St\u00fccke, die ihr im Moment gut k\u00f6nnt\n- Repertoireliste bis zu 500 St\u00fccke, jedoch nur die, die \n innerhalb von 3 Tagen vor dem Publikum auff\u00fchrbar sind\n- 3 Komponist:innen, f\u00fcr die du dich aktuell interessierst\n- 3 Musiker:innen, f\u00fcr die du dich derzeit interessierst\n- Durchschnittliche \u00dcbestunden pro Tag\n- Anzahl der Auftritte in den letzten 3 Monaten\n- Geplante Auftritte in den n\u00e4chsten 3 Monaten\n- Liste der Konzerte in den letzten 3 Jahren\n- Geplante Konzerte in den n\u00e4chsten 2 Jahren\n- Bis zu 3 Wettbewerbserfolge\n- Bis zu 3 Ausbildungen auf Hochschulniveau\n- Bis zu 3 Musiker:innen, die du bewunderst (einschlie\u00dflich  \n der Verstorbenen)\n- Orte, in denen du gerne arbeiten w\u00fcrdest: Japan (regional\/\nGanzjapan) Europa, global\n- T\u00e4tigkeitsbereich\/e\n- Aktuelle Zugeh\u00f6rigkeiten\/Dienstverh\u00e4ltnisse\n- Kontaktinformationen\n- Von wem du vom Verein Wiener Koala erfahren hast\n- Publikation\/en, die du ver\u00f6ffentlicht hast\n- CDs und\/oder DVDs, die du aufgenommen hast\n- 3 beeindruckendste Auff\u00fchrungen nach eigenem Ermessen\n- 3 beeindruckendste Interpretationen auf CDs, Videos,\n \u00dcbertragungen nach eigenem Ermessen\n- 3 Musiker:innen Deines Vertrauens\n- 3 Fachliteraturen in Musik, die dich beeindruckt haben\n- 3 allgemeine B\u00fccher, die dich beeindruckt haben\n- 3 Hobbies, au\u00dfer Musik\n- Anzahl der CDs im Besitz\n\nDiese Musiker:innenvisitenkarten stehen in der Regel anderen Mitgliedern des Verein Wiener Koala zur Verf\u00fcgung. F\u00fcr die \u00d6ffentlichkeit werden die Informationen im gegenseitigen Vertrauensverh\u00e4ltnis bereitgestellt. Wenn es Organisationen gibt, denen die Visitenkarten von Mitgliedern zugeschickt warden sollen, tut es der Verein Wiener Koala nach M\u00f6glichkeit.\nEs reicht vollkommen, wenn ihr das Formular nach eigenem Ermessen ausf\u00fcllt, auch wenn das bedeutet, dass einige Felder leer bleiben. Ich bitte euch jedoch, keine falschen Informationen anzugeben. Das schadet dem Vertrauensverh\u00e4ltnis zueinander.\nDies ist der wichtigste Bestandteil, um die Grunddaten der Musiker:innen auf der ganzen Welt bekannt zu machen. Ich freue mich und z\u00e4hle auf eure Kooperation.\n\n6. Die Wiener:innen und Wahlwiener:innen, die klassische Musik lieben und sich besonders f\u00fcr diese Tradition interessieren.\n \n7. Menschen aus aller Welt, die sich f\u00fcr klassische Musik und insbesondere f\u00fcr Wiener Musik interessieren.\nIch freue mich, immer mehr Mitglieder in den Kategorien 6 und 7 begr\u00fc\u00dfen zu d\u00fcrfen.\n\n8. Vorstellung und Einf\u00fchrung von Literatur und Artikeln zur klassischen Musik in Wien\n\n9. Sobald die Mitgliedschaft eine bestimmte Anzahl erreicht hat, werde ich verschiedene Informationen\/Daten \u00fcber Mitglieder mit Musikorganisationen und Musikagenturen austauschen und eigene Vermittlungsdienste anbieten.\n\n10. Neben der traditionellen Musikagentur, werde ich auch neue und vor allem andere Methoden in Betracht ziehen.\n\nAuf jeden Fall soll dieser Verein zur gr\u00f6\u00dften und neusten Datenbank von Musiker:innen, haupts\u00e4chlich aus Wien, werden.\nWenn du Mitglied wirst, hilf mir bitte zun\u00e4chst, die Mitgliederzahl zu erh\u00f6hen. Die Leitung des Vereins wird von mir, dessen Sehkraft nur sehr eingeschr\u00e4nkt ist, und einigen meiner Mitarbeiter:innen \u00fcbernommen und je nach Wachstum und Gr\u00f6\u00dfe des Vereins flexibel wechseln. Der Verein an sich betreibt im Grunde ein Mitgliedschaftssystem mit Beitr\u00e4gen, und der Datenaustausch zwischen den Mitgliedern ist kostenfrei.\nDa ich Pensionist bin, fange ich finanziell bei null an. Der erste Schritt ist, mich auf euren Jahresbeitrag, gro\u00dfz\u00fcgige Sponsorschaften, und F\u00f6rderungen zu verlassen. Der j\u00e4hrliche Mitgliedsbeitrag betr\u00e4gt 60\u20ac (5\u20ac, also eine Tasse Melange pro Monat). So denke ich mir, dass wir sehr viele Personen erreichen k\u00f6nnen!\n\n<strong>Antrag auf Mitgliedschaft<\/strong>\nDeine Musiker:innenvisitenkarte in den Mitgliedsantrag im Internet eintragen und den j\u00e4hrlichen Mitgliedsbeitrag \u00fcberweisen.\n\nT\u00e4tigkeiten enthalten:\nSeminare von pensionierten Professor:innen\nSeminare von Herrn Yuasa\nVermittlung von Korrepetitor:innen \nVermittlung von Aufnahmeleiter:innen, Tonmeister:innen \nVermittlung von Steuerberater:innen f\u00fcr Musiker:innen \nUnterst\u00fctzung f\u00fcr Konzerte\nUnterst\u00fctzung f\u00fcr Reisen und \u00dcbernachtungen \n<\/pre>\n\n\n\n<p><\/p>\n\n\n\n<p class=\"has-large-font-size\"><\/p>\n\n\n\n<p><\/p>\n\n\n\n<hr class=\"wp-block-separator is-style-default\"\/>\n","protected":false},"excerpt":{"rendered":"<p>Ausgabe 28. Mai 2022 Ich bin Yuuji Yuasa, Pr\u00e4sident des Vereins Wiener Koalano Kai. Der Wiener Koalano Kai, der am 15. Februar in Japan ins Leben gerufen wurde, wird nun auch in Wien an den Start gehen. Seit der ersten Planung hat es etwa drei Jahre gedauert. Die Anforderungen waren gr\u00f6\u00dfer, als wir urspr\u00fcnglich dachten, &hellip; <\/p>\n<p class=\"link-more\"><a href=\"https:\/\/wiener-koalanokai.com\/de-home\/\" class=\"more-link\">Continue reading<span class=\"screen-reader-text\"> &#8222;Gr\u00fc\u00dfe von den Gr\u00fcndern des Wiener Koalano Kai&#8220;<\/span><\/a><\/p>\n","protected":false},"author":1,"featured_media":0,"parent":0,"menu_order":0,"comment_status":"closed","ping_status":"closed","template":"","meta":{"footnotes":""},"_links":{"self":[{"href":"https:\/\/wiener-koalanokai.com\/de-home\/wp-json\/wp\/v2\/pages\/11"}],"collection":[{"href":"https:\/\/wiener-koalanokai.com\/de-home\/wp-json\/wp\/v2\/pages"}],"about":[{"href":"https:\/\/wiener-koalanokai.com\/de-home\/wp-json\/wp\/v2\/types\/page"}],"author":[{"embeddable":true,"href":"https:\/\/wiener-koalanokai.com\/de-home\/wp-json\/wp\/v2\/users\/1"}],"replies":[{"embeddable":true,"href":"https:\/\/wiener-koalanokai.com\/de-home\/wp-json\/wp\/v2\/comments?post=11"}],"version-history":[{"count":42,"href":"https:\/\/wiener-koalanokai.com\/de-home\/wp-json\/wp\/v2\/pages\/11\/revisions"}],"predecessor-version":[{"id":128,"href":"https:\/\/wiener-koalanokai.com\/de-home\/wp-json\/wp\/v2\/pages\/11\/revisions\/128"}],"wp:attachment":[{"href":"https:\/\/wiener-koalanokai.com\/de-home\/wp-json\/wp\/v2\/media?parent=11"}],"curies":[{"name":"wp","href":"https:\/\/api.w.org\/{rel}","templated":true}]}}