{"id":28,"date":"2022-01-09T01:11:39","date_gmt":"2022-01-08T16:11:39","guid":{"rendered":"https:\/\/wiener-koalanokai.com\/de-home\/?page_id=28"},"modified":"2022-08-06T21:08:47","modified_gmt":"2022-08-06T12:08:47","slug":"spende","status":"publish","type":"page","link":"https:\/\/wiener-koalanokai.com\/de-home\/spende\/","title":{"rendered":"Spende"},"content":{"rendered":"\n<p class=\"has-large-font-size\"><strong>Bitte um Spenden<\/strong><\/p>\n\n\n\n<p>Vielen Dank, dass Sie eine Spende an den Wiener Koalano Kai in Erw\u00e4gung ziehen.<\/p>\n\n\n\n<p>Spenden k\u00f6nnen Sie \u00fcber<br><strong> (1) PayPal<\/strong>  oder<br><strong>(2) Bank\u00fcberweisung<\/strong>    t\u00e4tigen.<\/p>\n\n\n\n<p>Wenn Sie eine gr\u00f6\u00dfere Spende machen m\u00f6chten (mehr als 50 Anteile), w\u00fcrden wir es begr\u00fc\u00dfen, wenn Sie Ihre Spende per Bank\u00fcberweisung t\u00e4tigen k\u00f6nnten, da bei PayPal-Zahlungen eine Bearbeitungsgeb\u00fchr anf\u00e4llt.<\/p>\n\n\n\n<p><\/p>\n\n\n\n<p class=\"has-text-align-center has-white-color has-vivid-cyan-blue-background-color has-text-color has-background has-medium-font-size\"><strong>Spenden \u00fcber PayPal <\/strong><\/p>\n\n\n\n<p class=\"has-medium-font-size\"><\/p>\n\n\n\n<p>Unser PayPal-Konto ist als gemeinn\u00fctzige Organisation anerkannt.<\/p>\n\n\n\n<p><\/p>\n\n\n\n<div id=\"smart-button-container\">\n      <div style=\"text-align: center;\">\n        <div style=\"margin-bottom: 1.25rem;\">\n          <p>Gespendete Einheiten <\/p>\n          <select id=\"item-options\">\n<option value=\"1 Einheit\" price=\"60\">1 Einheit &#8211; 60 EUR<\/option>\n<option value=\"2 Einheiten\" price=\"120\">2 Einheiten &#8211; 120 EUR<\/option>\n<option value=\"3 Einheiten\" price=\"180\">3 Einheiten &#8211; 180 EUR<\/option>\n<option value=\"4 Einheiten\" price=\"240\">4 Einheiten &#8211; 240 EUR<\/option>\n<option value=\"5 Einheiten\" price=\"300\">5 Einheiten &#8211; 300 EUR<\/option>\n<option value=\"6 Einheiten\" price=\"360\">6 Einheiten &#8211; 360 EUR<\/option>\n<option value=\"7 Einheiten\" price=\"420\">7 Einheiten &#8211; 420 EUR<\/option>\n<option value=\"8 Einheiten\" price=\"480\">8 Einheiten &#8211; 480 EUR<\/option>\n<option value=\"9 Einheiten\" price=\"540\">9 Einheiten &#8211; 540 EUR<\/option>\n<option value=\"10 Einheiten\" price=\"600\">10 Einheiten &#8211; 600 EUR<\/option>\n<option value=\"15 Einheiten\" price=\"900\">15 Einheiten &#8211; 900 EUR<\/option>\n<option value=\"20 Einheiten\" price=\"1200\">20 Einheiten &#8211; 1200 EUR<\/option>\n<option value=\"30 Einheiten\" price=\"1800\">30 Einheiten &#8211; 1800 EUR<\/option>\n<option value=\"40 Einheiten\" price=\"2400\">40 Einheiten &#8211; 2400 EUR<\/option>\n<option value=\"50 Einheiten\" price=\"3000\">50 Einheiten &#8211; 3000 EUR<\/option>\n<\/select>\n          <select style=\"visibility: hidden\" id=\"quantitySelect\"><\/select>\n        <\/div>\n      <div id=\"paypal-button-container\"><\/div>\n      <\/div>\n    <\/div>\n    <script src=\"https:\/\/www.paypal.com\/sdk\/js?client-id=Abm5AuICEuOO0p0VlgMCSCs-EjQZwp3CSqUkVeLBoevWho5NbgGp23a98eQNxuDwZaeTWiuXIw7UwajL&amp;enable-funding=venmo&amp;currency=EUR\" data-sdk-integration-source=\"button-factory\"><\/script>\n    <script>\n      function initPayPalButton() {\n        var shipping = 0;\n        var itemOptions = document.querySelector(\"#smart-button-container #item-options\");\n    var quantity = parseInt();\n    var quantitySelect = document.querySelector(\"#smart-button-container #quantitySelect\");\n    if (!isNaN(quantity)) {\n      quantitySelect.style.visibility = \"visible\";\n    }\n    var orderDescription = 'Gespendete Einheiten ';\n    if(orderDescription === '') {\n      orderDescription = 'Item';\n    }\n    paypal.Buttons({\n      style: {\n        shape: 'rect',\n        color: 'blue',\n        layout: 'horizontal',\n        label: 'donate',\n        \n      },\n      createOrder: function(data, actions) {\n        var selectedItemDescription = itemOptions.options[itemOptions.selectedIndex].value;\n        var selectedItemPrice = parseFloat(itemOptions.options[itemOptions.selectedIndex].getAttribute(\"price\"));\n        var tax = (0 === 0 || true) ? 0 : (selectedItemPrice * (parseFloat(0)\/100));\n        if(quantitySelect.options.length > 0) {\n          quantity = parseInt(quantitySelect.options[quantitySelect.selectedIndex].value);\n        } else {\n          quantity = 1;\n        }\n\n        tax *= quantity;\n        tax = Math.round(tax * 100) \/ 100;\n        var priceTotal = quantity * selectedItemPrice + parseFloat(shipping) + tax;\n        priceTotal = Math.round(priceTotal * 100) \/ 100;\n        var itemTotalValue = Math.round((selectedItemPrice * quantity) * 100) \/ 100;\n\n        return actions.order.create({\n          purchase_units: [{\n            description: orderDescription,\n            amount: {\n              currency_code: 'EUR',\n              value: priceTotal,\n              breakdown: {\n                item_total: {\n                  currency_code: 'EUR',\n                  value: itemTotalValue,\n                }\n              }\n            },\n            items: [{\n              name: selectedItemDescription,\n              unit_amount: {\n                currency_code: 'EUR',\n                value: selectedItemPrice,\n              },\n              quantity: quantity,\n              category: 'DONATION'\n            }]\n          }]\n        });\n      },\n      onApprove: function(data, actions) {\n        return actions.order.capture().then(function(orderData) {\n          \n          \/\/ Full available details\n          console.log('Capture result', orderData, JSON.stringify(orderData, null, 2));\n\n          \/\/ Show a success message within this page, e.g.\n          const element = document.getElementById('paypal-button-container');\n          element.innerHTML = '';\n          element.innerHTML = '<h3>Dank f\u00fcr Ihre Spende !<\/h3>';\n\n          \/\/ Or go to another URL:  actions.redirect('thank_you.html');\n\n        });\n      },\n      onError: function(err) {\n        console.log(err);\n      },\n    }).render('#paypal-button-container');\n  }\n  initPayPalButton();\n    <\/script>\n\n\n\n<p class=\"has-text-align-center has-white-color has-vivid-purple-background-color has-text-color has-background has-medium-font-size\"><strong>Spenden per Bank\u00fcberweisung<\/strong><\/p>\n\n\n\n<p class=\"has-medium-font-size\"><\/p>\n\n\n\n<p><br>F\u00fcr gr\u00f6\u00dfere Spenden \u00fcberweisen Sie bitte auf das Konto des &#8222;Wiener Koalano Kai&#8220; oder senden Sie Geld ins Ausland \u00fcber eine internationale Geldtransfer-App (z.B. Wise).<\/p>\n\n\n\n<p>Bitte senden Sie Ihre Spende mit folgenden Angaben an [<a href=\"mailto:coalawien@gmail.com\">coalawien@gmail.com<\/a>]: <br><strong>1) Ihren Namen, 2) den Betrag Ihrer Spende, 3) Ihre Kontaktdaten<\/strong> (Telefonnummer, Adresse usw.).<\/p>\n\n\n\n<p class=\"has-vivid-cyan-blue-color has-text-color\"><strong><em>Erforderliche Angaben f\u00fcr die \u00dcberweisung<\/em><\/strong><\/p>\n\n\n\n<p><strong>Name des Zahlungsempf\u00e4ngers:<\/strong> Wiener Koalano Kai<br>A<strong>dresse des Zahlungsempf\u00e4ngers<\/strong>: Lerchenfelder Stra\u00dfe 62-64\/14, 1080 Wien, \u00d6sterreich<br><strong>Kontonummer des Zahlungsempf\u00e4ngers (IBAN):<\/strong>\u3000AT072011184513679500<br><strong>Bankleitzahl (BIC):<\/strong> GIBAATWWXXX<br><strong>W\u00e4hrung: Euro (EUR) Bankname<\/strong>: Erste Bank<br><strong>Bankadresse:<\/strong> Linke Wienzeile 10, 1060, Wien<br><strong>Verwendungszweck:<\/strong> Spende f\u00fcr gemeinn\u00fctzige Organisation<\/p>\n","protected":false},"excerpt":{"rendered":"<p>Bitte um Spenden Vielen Dank, dass Sie eine Spende an den Wiener Koalano Kai in Erw\u00e4gung ziehen. Spenden k\u00f6nnen Sie \u00fcber (1) PayPal oder(2) Bank\u00fcberweisung t\u00e4tigen. Wenn Sie eine gr\u00f6\u00dfere Spende machen m\u00f6chten (mehr als 50 Anteile), w\u00fcrden wir es begr\u00fc\u00dfen, wenn Sie Ihre Spende per Bank\u00fcberweisung t\u00e4tigen k\u00f6nnten, da bei PayPal-Zahlungen eine Bearbeitungsgeb\u00fchr anf\u00e4llt. &hellip; <\/p>\n<p class=\"link-more\"><a href=\"https:\/\/wiener-koalanokai.com\/de-home\/spende\/\" class=\"more-link\">Continue reading<span class=\"screen-reader-text\"> &#8222;Spende&#8220;<\/span><\/a><\/p>\n","protected":false},"author":1,"featured_media":0,"parent":0,"menu_order":0,"comment_status":"closed","ping_status":"closed","template":"","meta":{"footnotes":""},"_links":{"self":[{"href":"https:\/\/wiener-koalanokai.com\/de-home\/wp-json\/wp\/v2\/pages\/28"}],"collection":[{"href":"https:\/\/wiener-koalanokai.com\/de-home\/wp-json\/wp\/v2\/pages"}],"about":[{"href":"https:\/\/wiener-koalanokai.com\/de-home\/wp-json\/wp\/v2\/types\/page"}],"author":[{"embeddable":true,"href":"https:\/\/wiener-koalanokai.com\/de-home\/wp-json\/wp\/v2\/users\/1"}],"replies":[{"embeddable":true,"href":"https:\/\/wiener-koalanokai.com\/de-home\/wp-json\/wp\/v2\/comments?post=28"}],"version-history":[{"count":6,"href":"https:\/\/wiener-koalanokai.com\/de-home\/wp-json\/wp\/v2\/pages\/28\/revisions"}],"predecessor-version":[{"id":124,"href":"https:\/\/wiener-koalanokai.com\/de-home\/wp-json\/wp\/v2\/pages\/28\/revisions\/124"}],"wp:attachment":[{"href":"https:\/\/wiener-koalanokai.com\/de-home\/wp-json\/wp\/v2\/media?parent=28"}],"curies":[{"name":"wp","href":"https:\/\/api.w.org\/{rel}","templated":true}]}}