{"id":1279,"date":"2021-09-05T22:28:06","date_gmt":"2021-09-05T20:28:06","guid":{"rendered":"https:\/\/wiener-koalanokai.com\/membership-account\/status\/"},"modified":"2022-07-23T18:58:23","modified_gmt":"2022-07-23T16:58:23","slug":"status","status":"publish","type":"page","link":"https:\/\/wiener-koalanokai.com\/de\/membership-account\/status\/","title":{"rendered":"Registrierung der Mitgliedschaft"},"content":{"rendered":"\n<p class=\"has-medium-font-size\"><br>Es ist m\u00f6glich, f\u00fcr nur eine Einheit (60\u20ac) pro Jahr Mitglied des &#8216;Wiener Koalano Kai&#8217; zu werden. Sobald der Zahlungsvorgang abgeschlossen ist sind sie Mitglied und k\u00f6nnen sofort alle Funktionen der Website nutzen. Ihr Abonnement wird jedes Jahr automatisch verl\u00e4ngert und der Betrag (Anzahl der Einheiten), den Sie urspr\u00fcnglich gew\u00e4hlt haben, wird automatisch abgebucht. (\u00c4nderungen k\u00f6nnen jederzeit vorgenommen werden.) Zwei Wochen vor der Verl\u00e4ngerung wird eine Best\u00e4tigungs-E-Mail versandt.<\/p>\n\n\n\n<p><br><\/p>\n\n\n\n<p><\/p>\n\n\n\n<p class=\"has-large-font-size\"><strong>Optionen der Jahresgeb\u00fchr: Bank\u00fcberweisung empfohlen, \uff08Paypal und Kreditkarten werden ebenfalls akzeptiert.\uff09<\/strong><\/p>\n\n\n\n<p class=\"has-medium-font-size\"><\/p>\n\n\n\n<hr class=\"wp-block-separator\"\/>\n\n\n\n<p class=\"has-medium-font-size\"><span style=\"background-color:#6c757d\" class=\"tadv-background-color\">  <span style=\"color:#fff\" class=\"tadv-color\"> <strong>Bank\u00fcberweisung   <\/strong><\/span><\/span><\/p>\n\n\n\n<p><strong><a href=\"https:\/\/wiener-koalanokai.com\/de\/registrieren-transfer\/\">Click here <\/a>if you wish to pay by bank transfer or apply for larger shares (21 shares or more).<\/strong><\/p>\n\n\n\n<hr class=\"wp-block-separator is-style-wide\"\/>\n\n\n\n<p><\/p>\n\n\n<br \/>\n<table id=\"pmpro_levels\" class=\"pmpro_advanced_levels-table\">\r\n<thead>\r\n  <tr>\r\n\t\t<th>Level<\/th>\r\n\t\t\t<th>Price<\/th>\r\n\t\t\t<th>&nbsp;<\/th>\r\n\t  <\/tr>\r\n<\/thead>\r\n<tbody>\r\n\t<tr id=\"pmpro_level-1\" class=\"\">\r\n\t\t\t\t<td>\r\n\t\t\t<h2>1Unit\uff0f1\u53e3<\/h2>\r\n\t\t\t\t\t<\/td>\r\n\t\t\t\t<td>\r\n\t\t\t60.00&euro; pro Jahr. \t\t<\/td>\r\n\t\t\t\t\t\t<td>\r\n\t\t\t\t\t<a class=\"pmpro_btn pmpro_btn-select\" href=\"https:\/\/wiener-koalanokai.com\/de\/membership-account\/registrieren-pay\/?level=1\">Select<\/a>\r\n\t\t\t\t<\/td>\r\n\t\t\t<\/tr>\r\n\t\t<tr id=\"pmpro_level-2\" class=\"\">\r\n\t\t\t\t<td>\r\n\t\t\t<h2>2Unit\uff0f2\u53e3<\/h2>\r\n\t\t\t\t\t<\/td>\r\n\t\t\t\t<td>\r\n\t\t\t120.00&euro; pro Jahr. \t\t<\/td>\r\n\t\t\t\t\t\t<td>\r\n\t\t\t\t\t<a class=\"pmpro_btn pmpro_btn-select\" href=\"https:\/\/wiener-koalanokai.com\/de\/membership-account\/registrieren-pay\/?level=2\">Select<\/a>\r\n\t\t\t\t<\/td>\r\n\t\t\t<\/tr>\r\n\t\t<tr id=\"pmpro_level-3\" class=\"\">\r\n\t\t\t\t<td>\r\n\t\t\t<h2>3Unit\uff0f3\u53e3<\/h2>\r\n\t\t\t\t\t<\/td>\r\n\t\t\t\t<td>\r\n\t\t\t180.00&euro; pro Jahr. \t\t<\/td>\r\n\t\t\t\t\t\t<td>\r\n\t\t\t\t\t<a class=\"pmpro_btn pmpro_btn-select\" href=\"https:\/\/wiener-koalanokai.com\/de\/membership-account\/registrieren-pay\/?level=3\">Select<\/a>\r\n\t\t\t\t<\/td>\r\n\t\t\t<\/tr>\r\n\t\t<tr id=\"pmpro_level-4\" class=\"\">\r\n\t\t\t\t<td>\r\n\t\t\t<h2>4Unit\uff0f4\u53e3<\/h2>\r\n\t\t\t\t\t<\/td>\r\n\t\t\t\t<td>\r\n\t\t\t240.00&euro; pro Jahr. \t\t<\/td>\r\n\t\t\t\t\t\t<td>\r\n\t\t\t\t\t<a class=\"pmpro_btn pmpro_btn-select\" href=\"https:\/\/wiener-koalanokai.com\/de\/membership-account\/registrieren-pay\/?level=4\">Select<\/a>\r\n\t\t\t\t<\/td>\r\n\t\t\t<\/tr>\r\n\t\t<tr id=\"pmpro_level-5\" class=\"\">\r\n\t\t\t\t<td>\r\n\t\t\t<h2>5Unit\uff0f5\u53e3<\/h2>\r\n\t\t\t\t\t<\/td>\r\n\t\t\t\t<td>\r\n\t\t\t300.00&euro; pro Jahr. \t\t<\/td>\r\n\t\t\t\t\t\t<td>\r\n\t\t\t\t\t<a class=\"pmpro_btn pmpro_btn-select\" href=\"https:\/\/wiener-koalanokai.com\/de\/membership-account\/registrieren-pay\/?level=5\">Select<\/a>\r\n\t\t\t\t<\/td>\r\n\t\t\t<\/tr>\r\n\t\t<tr id=\"pmpro_level-6\" class=\"\">\r\n\t\t\t\t<td>\r\n\t\t\t<h2>6Unit\uff0f6\u53e3<\/h2>\r\n\t\t\t\t\t<\/td>\r\n\t\t\t\t<td>\r\n\t\t\t360.00&euro; pro Jahr. \t\t<\/td>\r\n\t\t\t\t\t\t<td>\r\n\t\t\t\t\t<a class=\"pmpro_btn pmpro_btn-select\" href=\"https:\/\/wiener-koalanokai.com\/de\/membership-account\/registrieren-pay\/?level=6\">Select<\/a>\r\n\t\t\t\t<\/td>\r\n\t\t\t<\/tr>\r\n\t\t<tr id=\"pmpro_level-7\" class=\"\">\r\n\t\t\t\t<td>\r\n\t\t\t<h2>7Unit\uff0f7\u53e3<\/h2>\r\n\t\t\t\t\t<\/td>\r\n\t\t\t\t<td>\r\n\t\t\t420.00&euro; pro Jahr. \t\t<\/td>\r\n\t\t\t\t\t\t<td>\r\n\t\t\t\t\t<a class=\"pmpro_btn pmpro_btn-select\" href=\"https:\/\/wiener-koalanokai.com\/de\/membership-account\/registrieren-pay\/?level=7\">Select<\/a>\r\n\t\t\t\t<\/td>\r\n\t\t\t<\/tr>\r\n\t\t<tr id=\"pmpro_level-8\" class=\"\">\r\n\t\t\t\t<td>\r\n\t\t\t<h2>8Unit\uff0f8\u53e3<\/h2>\r\n\t\t\t\t\t<\/td>\r\n\t\t\t\t<td>\r\n\t\t\t480.00&euro; pro Jahr. \t\t<\/td>\r\n\t\t\t\t\t\t<td>\r\n\t\t\t\t\t<a class=\"pmpro_btn pmpro_btn-select\" href=\"https:\/\/wiener-koalanokai.com\/de\/membership-account\/registrieren-pay\/?level=8\">Select<\/a>\r\n\t\t\t\t<\/td>\r\n\t\t\t<\/tr>\r\n\t\t<tr id=\"pmpro_level-9\" class=\"\">\r\n\t\t\t\t<td>\r\n\t\t\t<h2>9Unit\uff0f9\u53e3<\/h2>\r\n\t\t\t\t\t<\/td>\r\n\t\t\t\t<td>\r\n\t\t\t540.00&euro; pro Jahr. \t\t<\/td>\r\n\t\t\t\t\t\t<td>\r\n\t\t\t\t\t<a class=\"pmpro_btn pmpro_btn-select\" href=\"https:\/\/wiener-koalanokai.com\/de\/membership-account\/registrieren-pay\/?level=9\">Select<\/a>\r\n\t\t\t\t<\/td>\r\n\t\t\t<\/tr>\r\n\t\t<tr id=\"pmpro_level-10\" class=\"\">\r\n\t\t\t\t<td>\r\n\t\t\t<h2>10Unit\uff0f10\u53e3<\/h2>\r\n\t\t\t\t\t<\/td>\r\n\t\t\t\t<td>\r\n\t\t\t600.00&euro; pro Jahr. \t\t<\/td>\r\n\t\t\t\t\t\t<td>\r\n\t\t\t\t\t<a class=\"pmpro_btn pmpro_btn-select\" href=\"https:\/\/wiener-koalanokai.com\/de\/membership-account\/registrieren-pay\/?level=10\">Select<\/a>\r\n\t\t\t\t<\/td>\r\n\t\t\t<\/tr>\r\n\t<\/tbody>\r\n<\/table>\r\n\t\t\t\t\t\t<nav id=\"nav-below\" class=\"navigation\" role=\"navigation\">\r\n\t\t\t<div class=\"nav-previous alignleft\">\r\n\t\t\t\t\t\t\t\t\t<a href=\"https:\/\/wiener-koalanokai.com\/de\/\">&larr; Return to Home<\/a>\r\n\t\t\t\t\t\t\t<\/div>\r\n\t\t<\/nav>\t\r\n\t\t\t\t\t<br \/>\n\n\n\n\n\n\n\n<p class=\"has-text-align-right\"><meta charset=\"utf-8\"><a href=\"https:\/\/wiener-koalanokai.com\/de\/status-2\/\" data-type=\"URL\"><strong>Klicken Sie hier, wenn Sie 11-20 Einheiten kaufen m\u00f6chten.<\/strong><\/a><\/p>\n\n\n\n<p><\/p>\n","protected":false},"excerpt":{"rendered":"<p>Es ist m\u00f6glich, f\u00fcr nur eine Einheit (60\u20ac) pro Jahr Mitglied des &#8216;Wiener Koalano Kai&#8217; zu werden. Sobald der Zahlungsvorgang abgeschlossen ist sind sie Mitglied und k\u00f6nnen sofort alle Funktionen der Website nutzen. Ihr Abonnement wird jedes Jahr automatisch verl\u00e4ngert und der Betrag (Anzahl der Einheiten), den Sie urspr\u00fcnglich gew\u00e4hlt haben, wird automatisch abgebucht. (\u00c4nderungen [&#8230;]<\/p>\n<p><a class=\"btn btn-secondary understrap-read-more-link\" href=\"https:\/\/wiener-koalanokai.com\/de\/membership-account\/status\/\">Weiterlesen\u00a0\u2026<span class=\"screen-reader-text\"> from Registrierung der Mitgliedschaft<\/span><\/a><\/p>\n","protected":false},"author":1,"featured_media":0,"parent":511,"menu_order":0,"comment_status":"closed","ping_status":"closed","template":"","meta":{"_bbp_topic_count":0,"_bbp_reply_count":0,"_bbp_total_topic_count":0,"_bbp_total_reply_count":0,"_bbp_voice_count":0,"_bbp_anonymous_reply_count":0,"_bbp_topic_count_hidden":0,"_bbp_reply_count_hidden":0,"_bbp_forum_subforum_count":0,"pmpro_default_level":0,"footnotes":""},"_links":{"self":[{"href":"https:\/\/wiener-koalanokai.com\/de\/wp-json\/wp\/v2\/pages\/1279"}],"collection":[{"href":"https:\/\/wiener-koalanokai.com\/de\/wp-json\/wp\/v2\/pages"}],"about":[{"href":"https:\/\/wiener-koalanokai.com\/de\/wp-json\/wp\/v2\/types\/page"}],"author":[{"embeddable":true,"href":"https:\/\/wiener-koalanokai.com\/de\/wp-json\/wp\/v2\/users\/1"}],"replies":[{"embeddable":true,"href":"https:\/\/wiener-koalanokai.com\/de\/wp-json\/wp\/v2\/comments?post=1279"}],"version-history":[{"count":15,"href":"https:\/\/wiener-koalanokai.com\/de\/wp-json\/wp\/v2\/pages\/1279\/revisions"}],"predecessor-version":[{"id":2809,"href":"https:\/\/wiener-koalanokai.com\/de\/wp-json\/wp\/v2\/pages\/1279\/revisions\/2809"}],"up":[{"embeddable":true,"href":"https:\/\/wiener-koalanokai.com\/de\/wp-json\/wp\/v2\/pages\/511"}],"wp:attachment":[{"href":"https:\/\/wiener-koalanokai.com\/de\/wp-json\/wp\/v2\/media?parent=1279"}],"curies":[{"name":"wp","href":"https:\/\/api.w.org\/{rel}","templated":true}]}}