{"id":1395,"date":"2022-02-06T20:48:57","date_gmt":"2022-02-06T19:48:57","guid":{"rendered":"https:\/\/wiener-koalanokai.com\/privacy_policy\/"},"modified":"2022-08-24T16:20:12","modified_gmt":"2022-08-24T14:20:12","slug":"privacy_policy","status":"publish","type":"page","link":"https:\/\/wiener-koalanokai.com\/de\/privacy_policy\/","title":{"rendered":"Datenschutzbestimmungen"},"content":{"rendered":"\n<p>Der Wiener Koalano Kai (im Folgenden \u201cder Verein\u201d) erh\u00e4lt wichtige pers\u00f6nliche Informationen von Kunden, wenn er Dienstleistungen erbringt.<br>&nbsp;Der Verein h\u00e4lt sich an das Datenschutzgesetz und die DSGVO (Datenschutz-Grundverordnung), geht mit den wichtigen pers\u00f6nlichen Daten seiner Kunden angemessen um und ist bestrebt, Zuverl\u00e4ssigkeit und Sicherheit zu bieten.<\/p>\n\n\n\n<p>Die pers\u00f6nlichen Daten, die der Verein sammelt, umfassen die folgenden Punkte:<\/p>\n\n\n\n<p>\u2013 Ihr Name<br>\u2013 Ihre Postleitzahl und Adresse<br>\u2013 Ihre Telefonnummer<br>\u2013 Ihre E-Mail-Adresse<\/p>\n\n\n\n<p><strong>1.Beschaffung von pers\u00f6nlichen Daten<\/strong><\/p>\n\n\n\n<p>Der Verein wird keine unrechtm\u00e4\u00dfigen Mittel einsetzen, um pers\u00f6nliche Informationen auf rechtswidrige Weise zu erhalten.<br>Wenn ein Kunde die Dienste des Vereins in Anspruch nimmt, speichert der Verein die unbedingt erforderlichen pers\u00f6nlichen Daten des Kunden. Wenn der Kunde pers\u00f6nliche Daten angibt, wird davon ausgegangen, dass der Kunde dem Verein die Erlaubnis erteilt hat, die pers\u00f6nlichen Daten in \u00dcbereinstimmung mit den Datenschutzbestimmungen des Vereins zu verwenden.<\/p>\n\n\n\n<p><strong>2. Verwendung von pers\u00f6nlichen Daten<\/strong><\/p>\n\n\n\n<p>Der Verein wird pers\u00f6nliche Daten nur f\u00fcr die folgenden Zwecke verwenden. Wenn personenbezogene Daten f\u00fcr einen Zweck verwendet werden sollen, der nachstehend nicht aufgef\u00fchrt ist, geschieht dies nur mit vorheriger Zustimmung der betroffenen Person.<\/p>\n\n\n\n<p>(1) Um Zahlungen f\u00fcr die Anmeldung zur Mitgliedschaft entgegenzunehmen<br>(2) Um auf Anfragen und Beratungen zu reagieren<br>(3) Um Informationen \u00fcber Produkte, Dienstleistungen usw. bereitzustellen.<\/p>\n\n\n\n<p><strong>3. Sicherheitsmanagement f\u00fcr pers\u00f6nliche Daten<\/strong><\/p>\n\n\n\n<p>Der Verein ergreift die notwendigen und angemessenen Ma\u00dfnahmen, um die Weiterleitung, den Verlust oder die Besch\u00e4digung von pers\u00f6nlichen Daten zu verhindern und die sichere Verwaltung der Daten zu gew\u00e4hrleisten.<br>(Dar\u00fcber hinaus verwendet die Website des Vereins die Verschl\u00fcsselungstechnologie SSL und verwaltet pers\u00f6nliche Daten auf einem speziellen Server, der durch ein Sicherheitssystem und eine Firewall gesch\u00fctzt ist, und tut alles, um unbefugten externen Zugriff und Informationslecks zu verhindern).<\/p>\n\n\n\n<p><strong>4. Weitergabe von pers\u00f6nlichen Informationen an Dritte<\/strong><\/p>\n\n\n\n<p>Der Verein wird ohne die vorherige Zustimmung der betroffenen Person keine pers\u00f6nlichen Daten an Dritte weitergeben, es sei denn, dies ist durch das Gesetz zum Schutz pers\u00f6nlicher Daten oder andere Gesetze und Verordnungen vorgesehen. Pers\u00f6nliche Daten k\u00f6nnen jedoch an Unternehmen weitergegeben werden, die mit der Erbringung von Dienstleistungen beauftragt sind, wie z.B. Inkassounternehmen.<\/p>\n\n\n\n<p><strong>5.Offenlegung und Korrektur von pers\u00f6nlichen Daten<\/strong><\/p>\n\n\n\n<p>Wenn der Verein eine Aufforderung von einer Person erh\u00e4lt, deren pers\u00f6nliche Daten offenzulegen, wird er dies unverz\u00fcglich tun. Dar\u00fcber hinaus wird ein Antrag auf Berichtigung, Erg\u00e4nzung oder L\u00f6schung nach Pr\u00fcfung umgehend bearbeitet. Der Verein wird einer Anfrage nicht nachkommen, wenn er nicht in der Lage ist, die Identit\u00e4t der betreffenden Person zu \u00fcberpr\u00fcfen.<br>Wenn jedoch eine offizielle, auf dem Gesetz basierende Auskunftspflicht durch Anfrage eines Gerichts, der Polizei oder einer anderen \u00f6ffentlichen Beh\u00f6rde vorliegt, wird der Verein die Informationen entsprechend offenlegen.<\/p>\n\n\n\n<p><strong>6. \u00c4nderungen dieser Datenschutzbestimmungen<\/strong><\/p>\n\n\n\n<p>Der Inhalt dieser Richtlinie kann sich \u00e4ndern. Ver\u00e4nderungen treten ab dem Zeitpunkt ihrer Ver\u00f6ffentlichung auf der Website in Kraft, sofern der Verein nichts anderes bestimmt.<\/p>\n\n\n\n<p><strong>7. Der Datenschutzbeauftragte des Vereins ist unter folgenden Kontaktdaten erreichbar: <em>Mailadresse<\/em><\/strong><\/p>\n\n\n\n<p><strong>8. Den Kunden und den Mitgliedern steht das Recht zur Beschwerde bei der zust\u00e4ndigen\u3000Datenschutzbeh\u00f6rde zu.<\/strong><\/p>\n\n\n\n<p>7. Februar 2022.<\/p>\n","protected":false},"excerpt":{"rendered":"<p>Der Wiener Koalano Kai (im Folgenden \u201cder Verein\u201d) erh\u00e4lt wichtige pers\u00f6nliche Informationen von Kunden, wenn er Dienstleistungen erbringt.&nbsp;Der Verein h\u00e4lt sich an das Datenschutzgesetz und die DSGVO (Datenschutz-Grundverordnung), geht mit den wichtigen pers\u00f6nlichen Daten seiner Kunden angemessen um und ist bestrebt, Zuverl\u00e4ssigkeit und Sicherheit zu bieten. Die pers\u00f6nlichen Daten, die der Verein sammelt, umfassen die [&#8230;]<\/p>\n<p><a class=\"btn btn-secondary understrap-read-more-link\" href=\"https:\/\/wiener-koalanokai.com\/de\/privacy_policy\/\">Weiterlesen\u00a0\u2026<span class=\"screen-reader-text\"> from Datenschutzbestimmungen<\/span><\/a><\/p>\n","protected":false},"author":1,"featured_media":0,"parent":0,"menu_order":0,"comment_status":"closed","ping_status":"closed","template":"","meta":{"_bbp_topic_count":0,"_bbp_reply_count":0,"_bbp_total_topic_count":0,"_bbp_total_reply_count":0,"_bbp_voice_count":0,"_bbp_anonymous_reply_count":0,"_bbp_topic_count_hidden":0,"_bbp_reply_count_hidden":0,"_bbp_forum_subforum_count":0,"pmpro_default_level":0,"footnotes":""},"class_list":["post-1395","page","type-page","status-publish","hentry","pmpro-has-access"],"_links":{"self":[{"href":"https:\/\/wiener-koalanokai.com\/de\/wp-json\/wp\/v2\/pages\/1395","targetHints":{"allow":["GET"]}}],"collection":[{"href":"https:\/\/wiener-koalanokai.com\/de\/wp-json\/wp\/v2\/pages"}],"about":[{"href":"https:\/\/wiener-koalanokai.com\/de\/wp-json\/wp\/v2\/types\/page"}],"author":[{"embeddable":true,"href":"https:\/\/wiener-koalanokai.com\/de\/wp-json\/wp\/v2\/users\/1"}],"replies":[{"embeddable":true,"href":"https:\/\/wiener-koalanokai.com\/de\/wp-json\/wp\/v2\/comments?post=1395"}],"version-history":[{"count":5,"href":"https:\/\/wiener-koalanokai.com\/de\/wp-json\/wp\/v2\/pages\/1395\/revisions"}],"predecessor-version":[{"id":2967,"href":"https:\/\/wiener-koalanokai.com\/de\/wp-json\/wp\/v2\/pages\/1395\/revisions\/2967"}],"wp:attachment":[{"href":"https:\/\/wiener-koalanokai.com\/de\/wp-json\/wp\/v2\/media?parent=1395"}],"curies":[{"name":"wp","href":"https:\/\/api.w.org\/{rel}","templated":true}]}}