{"id":2582,"date":"2022-02-06T19:24:45","date_gmt":"2022-02-06T18:24:45","guid":{"rendered":"https:\/\/wiener-koalanokai.com\/tos\/"},"modified":"2022-07-26T14:39:19","modified_gmt":"2022-07-26T12:39:19","slug":"tos","status":"publish","type":"page","link":"https:\/\/wiener-koalanokai.com\/de\/tos\/","title":{"rendered":"Nutzungsbedingungen des Wiener Koalano Kai"},"content":{"rendered":"\n<p>Die Nutzungsbedingungen des Wiener Koalano Kai (im Folgenden <strong>&#8220;der Verein&#8221;<\/strong>) legen die Bedingungen f\u00fcr die Nutzung des elektronischen Informationsdienstes des Vereins und der damit verbundenen Dienste fest. Wenn Sie sich als Mitglied der Vereinigung registrieren lassen, haben Sie Anspruch auf Dienstleistungen wie Visitenkarten f\u00fcr Musiker:innen und soziale Netzwerkdienste. Es wird davon ausgegangen, dass die Mitglieder des Vereins diesen Allgemeinen Gesch\u00e4ftsbedingungen und der Datenschutzrichtlinie zustimmen, sobald sie den Service nutzen.<\/p>\n\n\n\n<p><strong>Artikel 1 (Zweck) <\/strong><br>Die Website wird vom Verein betrieben und diese Allgemeinen Gesch\u00e4ftsbedingungen sollen die Nutzungsbedingungen, Best\u00e4tigungen und Vorkehrungen zwischen dem Verein und dem Kunden festlegen.<\/p>\n\n\n\n<p><strong>Artikel 2 (Zustimmung zu diesen Allgemeinen Gesch\u00e4ftsbedingungen) <\/strong><br>Die Nutzung der Dienstleistungen des Vereins durch den Kunden setzt voraus, dass der Kunde diesen Allgemeinen Gesch\u00e4ftsbedingungen zustimmt. Wenn ein Kunde die Dienste des Vereins in Anspruch nimmt, geht der Verein davon aus, dass der Kunde diese Allgemeinen Gesch\u00e4ftsbedingungen verstanden und akzeptiert hat.<\/p>\n\n\n\n<p><strong>Artikel 3 (Nutzung der Dienste der Vereinigung) <\/strong><br>Die Website stellt nach der Registrierung als Mitglied Namen von Musiker:innen, soziale Netzwerkdienste, pers\u00f6nliche Nachrichtendienste und Informationen zur Verf\u00fcgung, und die Einzelheiten der Dienste der Vereinigung, Bestellverfahren usw. k\u00f6nnen auf jeder Seite der Website zus\u00e4tzlich zu diesen Allgemeinen Gesch\u00e4ftsbedingungen eingesehen werden. <br>Wenn der Verein feststellt, dass ein Mitglied in eine der folgenden Kategorien f\u00e4llt, kann der Verein ohne vorherige Ank\u00fcndigung oder Aufforderung das Konto des Mitglieds einschr\u00e4nken oder l\u00f6schen, den Zugang des Mitglieds zum Dienst dauerhaft oder vor\u00fcbergehend aussetzen oder die Beitr\u00e4ge des Mitglieds l\u00f6schen.<br><br>Das Mitglied muss die folgenden Punkte beachten, wenn es sich als Mitglied des Dienstes anmeldet. <br>&#8211; Das Mitglied darf keine falschen pers\u00f6nlichen Daten angeben oder unbefugt ein Konto einer anderen Person anlegen. <br>&#8211; Das Mitglied darf nicht mehr als ein pers\u00f6nliches Konto anlegen. Wenn ein Konto vom Verein gesperrt wird, kann ohne die Genehmigung des Vereins kein neues Konto erstellt werden. <br>&#8211; Der Nutzer muss die Kontaktdaten des Kontos aktuell halten, um sicherzustellen, dass der Nutzer E-Mails vom Verein erhalten kann. <br>&#8211; Der Nutzer darf keine Passw\u00f6rter weitergeben, anderen den Zugriff auf das Konto gestatten oder sich an anderen Aktivit\u00e4ten beteiligen, die die Sicherheit des Kontos gef\u00e4hrden k\u00f6nnten. <br>&#8211; Sie k\u00f6nnen Ihr Konto nicht auf eine andere Person \u00fcbertragen. <br>&#8211; Sie sind f\u00fcr die sichere und vertrauliche Aufbewahrung Ihres Kontopassworts und anderer Details verantwortlich. <br>&#8211; Erh\u00e4lt ein Mitglied Hinweise darauf, dass sein Konto von einer unbefugten Person genutzt wurde, muss es den Verein unverz\u00fcglich dar\u00fcber informieren. <br>&#8211; Der Verein kann davon ausgehen, dass das Konto eines Mitglieds von diesem genutzt wurde, auch wenn es von einem Dritten genutzt wurde, der nicht das betreffende Mitglied ist. <br>&#8211; Der Verein arbeitet st\u00e4ndig an Innovationen, um seinen Mitgliedern bessere Funktionen und Dienstleistungen zu bieten. <br>&#8211; Um diesen Zweck zu erreichen, kann der Dienst ge\u00e4ndert, Funktionen hinzugef\u00fcgt, die Bereitstellung des Dienstes oder seiner Funktionen eingestellt und neue Beschr\u00e4nkungen f\u00fcr die Nutzung des Dienstes ohne vorherige Ank\u00fcndigung eingef\u00fchrt werden. <br>&#8211; Die Mitglieder nutzen den Service, nachdem sie der M\u00f6glichkeit zugestimmt haben, dass in den Informationen, die sie \u00fcber den Service erhalten, Werbung platziert wird und dass der Verband und die Unternehmen usw., denen sie folgen, Mitteilungen und Werbung an ihre registrierte E-Mail-Adresse senden k\u00f6nnen.<\/p>\n\n\n\n<p><strong>Artikel 4 (Zahlungsweise der Mitgliedsbeitr\u00e4ge)<\/strong><br>Das Mitglied zahlt die vom Verein festgelegten Nutzungsgeb\u00fchren f\u00fcr den Service auf eine der folgenden Arten: <br>&#8211; Die \u00dcberweisungsgeb\u00fchren f\u00fcr die Zahlung per Bank\u00fcberweisung gehen zu Lasten des Mitglieds. <br>&#8211; Die vom Verein festgesetzten Nutzungsgeb\u00fchren k\u00f6nnen sich \u00e4ndern. Falls der Verein die Nutzungsgeb\u00fchren \u00e4ndert, werden die ge\u00e4nderten Nutzungsgeb\u00fchren und das Datum des Inkrafttretens der ge\u00e4nderten Nutzungsgeb\u00fchren den Mitgliedern im Voraus \u00fcber den Service zug\u00e4nglich gemacht. <br>&#8211; Die \u00c4nderung der Nutzungsgeb\u00fchren wird f\u00fcr einzelne Mitglieder zum Zeitpunkt der Verl\u00e4ngerung des Nutzungszeitraums des Mitglieds gem\u00e4\u00df dem folgenden Artikel wirksam, d.h. zum ersten Mal nach dem Beginn der Anwendung der \u00c4nderung der Nutzungsgeb\u00fchren. Wenn das Mitglied mit der Preis\u00e4nderung nicht einverstanden ist, kann es die Preis\u00e4nderung ablehnen, indem es das Abonnement gem\u00e4\u00df dem folgenden Artikel k\u00fcndigt, bevor die Preis\u00e4nderung in Kraft tritt.\u3000<br>\u2022Zahlungsmittel mit Kreditkarte <br>\u2022Andere Zahlungsmittel, die von der Vereinigung festgelegt werden.<\/p>\n\n\n\n<p><strong>Artikel 5 (Dauer der Mitgliedschaft und Erneuerung der Registrierung)<\/strong> <br>&#8211; Die Dauer der Mitgliedschaft entspricht dem vom Verein festgelegten Zeitraum. <br>&#8211; Sofern die Anmeldung nicht vor Ablauf des entsprechenden Zeitraums gek\u00fcndigt wird, erh\u00e4lt das Mitglied zwei Wochen vor der Verl\u00e4ngerung der Mitgliedschaft eine Best\u00e4tigungs-E-Mail. Wenn keine \u00c4nderung vorgenommen wird, wird der f\u00fcr den betreffenden Zeitraum registrierte Betrag automatisch auch f\u00fcr den folgenden Zeitraum abgebucht. <br>&#8211; Das Mitglied kann seine Registrierung als Mitglied beenden, indem es seine Absicht dazu auf eine von der Vereinigung festgelegte Art und Weise kundtut. Sofern nicht anders vereinbart, f\u00fchrt der Verein keine Stornierungsverfahren von Dritten per E-Mail, Telefon, Post oder pers\u00f6nlich durch. (Siehe Artikel 12) <br>&#8211; Die L\u00f6schung der Mitgliedsregistrierung gem\u00e4\u00df dem vorstehenden Absatz wird mit Ablauf der Nutzungsdauer wirksam.<\/p>\n\n\n\n<p><strong>Artikel 6 (Outsourcing)<\/strong> <br>Der Verein kann alle oder einen Teil seiner T\u00e4tigkeiten auslagern, wie z.B. die Verwaltung der Website, die Zahlungsabwicklung in seinem Namen und andere T\u00e4tigkeiten, die erforderlich sind.<\/p>\n\n\n\n<p><strong>Artikel 7 (Gr\u00fcnde f\u00fcr die Nichtannahme und verbotene Handlungen) <\/strong><br>Der Verein kann nach eigenem Ermessen einen Antrag auf Nutzung ablehnen, wenn das Mitglied in eine der folgenden Kategorien f\u00e4llt: <br>&#8211; Versto\u00df gegen diese Allgemeinen Gesch\u00e4ftsbedingungen.\u3000<br>\u2022Im Todesfall oder im Falle eines Gerichtsverfahrens zur Er\u00f6ffnung einer Vormundschaft.\u3000<br>\u2022Wenn der Antragsteller in der Vergangenheit von der Nutzung des Dienstes suspendiert wurde oder seine Registrierung als Mitglied gel\u00f6scht wurde.\u3000<br>\u2022Wenn Sie als Gangster, als Mitglied einer Gangsterorganisation, als Quasi-Mitglied einer Gangsterorganisation, eines allgemeinen Treffs, einer Interessengruppe f\u00fcr soziale Bewegungen, einer speziellen Nachrichtendienstgruppe oder einer anderen gleichwertigen asozialen Kraft (im Folgenden als &#8220;asoziale Kr\u00e4fte&#8221; bezeichnet) identifiziert werden oder wenn Sie bei der Aufrechterhaltung, dem Betrieb oder der Verwaltung von asozialen Kr\u00e4ften durch die Bereitstellung von Geldern oder andere Handlungen kooperieren oder mitwirken.\u3000<br>\u2022Zus\u00e4tzlich zu den oben genannten F\u00e4llen, wenn der Verein es f\u00fcr angemessen h\u00e4lt, das Konto zu sperren oder die Benutzerinhalte zu l\u00f6schen (siehe unten f\u00fcr Definitionen).\u3000<br>\u2022Wenn Sie Ihre Zahlungen eingestellt oder Konkurs angemeldet haben.\u3000<br>\u2022Wenn ein Benutzer sich als eine andere Person ausgibt und der Verein Informationen zur Verf\u00fcgung stellt, die nicht von dieser Person stammen. <br>\u2022Wenn der Verein es f\u00fcr angemessen h\u00e4lt, das Konto zu sperren.\u3000<br>\u2022Wenn der Verein der Ansicht ist, dass die Person anderweitig ungeeignet ist. <br>\u2022Handlungen, die sch\u00e4dliche Programme wie z.B. Computerviren \u00fcber oder in Verbindung mit den Diensten dieser Vereinigung verwenden oder verbreiten.\u3000<br>\u2022Handlungen, die gegen Gesetze und Vorschriften oder die \u00f6ffentliche Ordnung und Moral versto\u00dfen oder versto\u00dfen k\u00f6nnten.\u3000<br>\u2022Andere Handlungen, die den Betrieb der Website beeintr\u00e4chtigen.\u3000<br>\u2022Handlungen, die gegen diese Nutzungsbedingungen oder andere von der Vereinigung festgelegte Bestimmungen und Bedingungen versto\u00dfen.<\/p>\n\n\n\n<p><strong>Artikel 8 (Beitr\u00e4ge der Mitglieder und Nutzung der Inhalte der Mitglieder)<\/strong><br> Der Dienst bietet den Mitgliedern die M\u00f6glichkeit, ihre eigenen Beitr\u00e4ge anderen Mitgliedern des Dienstes und Dritten auf der ganzen Welt zur Verf\u00fcgung zu stellen. Alle Beitr\u00e4ge, Kommentare usw., die von den Mitgliedern selbst gepostet, angezeigt und geteilt werden, oder alles, was mit ihnen zusammenh\u00e4ngt, werden in diesen Allgemeinen Gesch\u00e4ftsbedingungen als &#8220;Benutzerinhalte&#8221; bezeichnet und unterliegen den folgenden Bedingungen. <br>&#8211; Die Vereinigung unterst\u00fctzt nicht die Empfehlungen oder Meinungen eines bestimmten Mitglieds, wird aber regelm\u00e4\u00dfige \u00dcberpr\u00fcfungen von Benutzerinhalten durchf\u00fchren. Die Mitglieder erkl\u00e4ren sich damit einverstanden, Benutzerinhalte nach eigenem Ermessen und auf eigene Verantwortung zu betrachten und zu nutzen. <br>&#8211; Das Mitglied garantiert, dass die von ihm in den Service eingestellten Benutzerinhalte nicht die Rechte Dritter verletzen oder gegen Gesetze oder Vorschriften versto\u00dfen. Zu diesen Rechten oder Gesetzen und Vorschriften geh\u00f6ren unter anderem Rechte an geistigem Eigentum und Datenschutzrechte. <br>&#8211; Der Verein beh\u00e4lt sich das Recht vor, Benutzerinhalte nach eigenem Ermessen zu l\u00f6schen, wenn diese gegen diese Allgemeinen Gesch\u00e4ftsbedingungen versto\u00dfen oder keinen erheblichen Bezug zu Kultur und Kunst aufweisen, um sicherzustellen, dass alle Mitglieder die Website bequem nutzen k\u00f6nnen. <br>&#8211; Grunds\u00e4tzlich werden Kommentare zu Benutzerinhalten ohne Vorank\u00fcndigung gel\u00f6scht, wenn sie gegen diese Allgemeinen Gesch\u00e4ftsbedingungen versto\u00dfen und der Betroffene Rechtsverletzungen, Verleumdungen, Beleidigungen oder Bel\u00e4stigungen beklagt.<\/p>\n\n\n\n<p><strong>Artikel 9 (Verantwortung der Mitglieder und Schadensersatz)<\/strong> <br>Die Mitglieder verwalten die von ihnen eingerichteten Registrierungsdaten sowie die durch die Nutzung von Zahlungsagenten eingerichteten Registrierungsdaten strikt auf eigenes Risiko. Der Verein \u00fcbernimmt keine Verantwortung f\u00fcr Nachteile, die dem Kunden durch Fehler in den vom Mitglied gemachten Angaben oder durch das Vers\u00e4umnis des Mitglieds, eine Aktualisierung der Registrierungsdaten zu verlangen, entstehen. Dar\u00fcber hinaus ist das Mitglied f\u00fcr alle Sch\u00e4den verantwortlich, die sich aus der fahrl\u00e4ssigen Verwaltung der Registrierungsdaten, dem Missbrauch oder der unbefugten Nutzung durch Dritte ergeben, und der Verein \u00fcbernimmt keinerlei Haftung. Kommt es zwischen einem Mitglied und einem anderen Mitglied oder einem Dritten bei der Nutzung der Dienste des Vereins zu einer Streitigkeit, so hat das Mitglied das Problem auf eigene Kosten und Verantwortung zu l\u00f6sen, ohne dass der Verein in den Streitfall involviert wird. Dar\u00fcber hinaus k\u00f6nnen alle registrierten Informationen gel\u00f6scht werden, wenn die Speicherfrist f\u00fcr die Informationen abl\u00e4uft oder wenn die Dienste des Vereins aus irgendeinem Grund beendet werden, und der Verein ist nicht verpflichtet, diese Informationen f\u00fcr den Kunden zu speichern. Der Verein haftet nicht f\u00fcr Sch\u00e4den, die dem Kunden durch das L\u00f6schen entstehen. Wenn ein Mitglied gegen diese Gesch\u00e4ftsbedingungen verst\u00f6\u00dft oder eine rechtswidrige Handlung begeht und dadurch dem Verein einen Schaden zuf\u00fcgt, kann der Verein von dem Mitglied Schadensersatz verlangen, und das Mitglied muss dieser Forderung unverz\u00fcglich nachkommen.<\/p>\n\n\n\n<p><strong>Artikel 10 (Vor\u00fcbergehende Aussetzung\/Aussetzung und \u00c4nderung und Beendigung von Dienstleistungen) <\/strong><br>Der Verein kann die Dienstleistungen des Vereins ohne vorherige Benachrichtigung der Mitglieder vor\u00fcbergehend ganz oder teilweise aussetzen oder einstellen, wenn einer der folgenden F\u00e4lle eintritt.<br>(1) Wenn der Bau, die Wartung, die Inspektion oder die Aktualisierung des Systems regelm\u00e4\u00dfig oder dringend durchgef\u00fchrt wird.<br>(2) Wenn dies unvermeidlich ist, um die Sicherheit des Systems zu gew\u00e4hrleisten.<br>(3) Wenn es aufgrund h\u00f6herer Gewalt, wie z.B. Feuer, Stromausfall oder Naturkatastrophen, schwierig ist, die Dienstleistungen der Vereinigung zu erbringen.<br>(4) In anderen F\u00e4llen, in denen der Verein es f\u00fcr notwendig h\u00e4lt, die Dienste des Vereins aus betrieblichen oder technischen Gr\u00fcnden vor\u00fcbergehend zu unterbrechen oder auszusetzen. <br>Dar\u00fcber hinaus kann der Verein nach eigenem Ermessen den Inhalt der Vereinsdienste erg\u00e4nzen oder \u00e4ndern und die Dienste einstellen, wenn es schwierig ist, die Dienste fortzuf\u00fchren. In solchen F\u00e4llen wird der Verein die \u00c4nderung oder Beendigung ank\u00fcndigen oder auf der Website mitteilen.<\/p>\n\n\n\n<p><strong>Artikel 11 (\u00c4nderungen der Bedingungen, etc.)<\/strong><br> Der Verein kann die Bedingungen nach eigenem Ermessen \u00e4ndern. In solchen F\u00e4llen werden die \u00c4nderungen ab dem Zeitpunkt der Notifizierung oder der Mitteilung in der vom Verein vorgeschriebenen Weise wirksam. F\u00fcr den Fall, dass ein Kunde die Dienste des Vereins nach dem Datum der \u00c4nderung dieser Allgemeinen Gesch\u00e4ftsbedingungen in Anspruch nimmt, gelten die Bestimmungen der ge\u00e4nderten Allgemeinen Gesch\u00e4ftsbedingungen. Wenn es auf den Seiten, die die einzelnen Dienste beschreiben, Bestimmungen gibt, die im Widerspruch zu diesen Allgemeinen Gesch\u00e4ftsbedingungen stehen, gelten die Bestimmungen auf den Seiten, die die einzelnen Dienste beschreiben.<\/p>\n\n\n\n<p><strong>Artikel 12 (Verfahren f\u00fcr den Austritt aus der Mitgliedschaft) <\/strong><br>Wenn ein Mitglied aus der Mitgliedschaft austreten m\u00f6chte, muss es das vom Verein vorgeschriebene Austrittsverfahren einhalten. Das Mitglied erkl\u00e4rt sich im Voraus damit einverstanden, dass von ihm eingestellte Nutzerinhalte auch nach Abschluss des Widerrufsverfahrens nicht gel\u00f6scht werden d\u00fcrfen. Auch wenn das Mitglied das Austrittsverfahren abschlie\u00dft oder der auf dem Abkommen basierende Vertrag zwischen der Vereinigung und dem Mitglied beendet wird, bleiben die Artikel 7 bis 15 g\u00fcltig.<\/p>\n\n\n\n<p><strong>Artikel 13 (Haftungsausschluss)<\/strong><br> Der Verein \u00fcbernimmt keine Garantie, weder ausdr\u00fccklich noch stillschweigend, f\u00fcr die Genauigkeit, Sicherheit, Zuverl\u00e4ssigkeit oder N\u00fctzlichkeit von Informationen, Daten usw., die der Kunde \u00fcber den Service erh\u00e4lt.<\/p>\n\n\n\n<p><strong>Artikel 14 (Geistige Eigentumsrechte)<\/strong> <br>Das Urheberrecht und andere Rechte in Bezug auf die Informationen auf der Website geh\u00f6ren dem Verein und d\u00fcrfen ohne Erlaubnis nicht \u00fcber den gesetzlich zul\u00e4ssigen Rahmen hinaus verwendet werden, z.B. f\u00fcr den privaten Gebrauch. Die Texte, Grafiken, Designs, Bilder, Daten und Dateien auf dieser Website sind durch das Urheberrecht, das Markenrecht, das Geschmacksmusterrecht, das Patentrecht und das Gesetz zur Verhinderung unlauteren Wettbewerbs gesch\u00fctzt. Sofern in diesen Allgemeinen Gesch\u00e4ftsbedingungen nichts anderes festgelegt ist, geh\u00f6ren die geistigen Eigentumsrechte an der Website dem Verein, den Gesch\u00e4ftspartnern und anderen Dritten, die dem Verein Daten usw. zur Verf\u00fcgung stellen.<\/p>\n\n\n\n<p><strong>Artikel 15 (Schutz personenbezogener Daten) <\/strong><br>Der Verein respektiert die Privatsph\u00e4re ihrer Kunden und geht mit ihren personenbezogenen Daten in \u00dcbereinstimmung mit der Datenschutzrichtlinie der Vereinigung angemessen um.\u21d2Verwandte Seite &#8216;<a href=\"https:\/\/wiener-koalanokai.com\/de\/privacy_policy\/\">Datenschutz<\/a>&#8216;<\/p>\n\n\n\n<p>7 Februar 2022<\/p>\n\n\n\n<p><\/p>\n\n\n\n<p><\/p>\n\n\n\n<p><\/p>\n","protected":false},"excerpt":{"rendered":"<p>Die Nutzungsbedingungen des Wiener Koalano Kai (im Folgenden &#8220;der Verein&#8221;) legen die Bedingungen f\u00fcr die Nutzung des elektronischen Informationsdienstes des Vereins und der damit verbundenen Dienste fest. Wenn Sie sich als Mitglied der Vereinigung registrieren lassen, haben Sie Anspruch auf Dienstleistungen wie Visitenkarten f\u00fcr Musiker:innen und soziale Netzwerkdienste. Es wird davon ausgegangen, dass die Mitglieder [&#8230;]<\/p>\n<p><a class=\"btn btn-secondary understrap-read-more-link\" href=\"https:\/\/wiener-koalanokai.com\/de\/tos\/\">Weiterlesen\u00a0\u2026<span class=\"screen-reader-text\"> from Nutzungsbedingungen des Wiener Koalano Kai<\/span><\/a><\/p>\n","protected":false},"author":1,"featured_media":0,"parent":0,"menu_order":0,"comment_status":"closed","ping_status":"closed","template":"","meta":{"_bbp_topic_count":0,"_bbp_reply_count":0,"_bbp_total_topic_count":0,"_bbp_total_reply_count":0,"_bbp_voice_count":0,"_bbp_anonymous_reply_count":0,"_bbp_topic_count_hidden":0,"_bbp_reply_count_hidden":0,"_bbp_forum_subforum_count":0,"pmpro_default_level":0,"footnotes":""},"_links":{"self":[{"href":"https:\/\/wiener-koalanokai.com\/de\/wp-json\/wp\/v2\/pages\/2582"}],"collection":[{"href":"https:\/\/wiener-koalanokai.com\/de\/wp-json\/wp\/v2\/pages"}],"about":[{"href":"https:\/\/wiener-koalanokai.com\/de\/wp-json\/wp\/v2\/types\/page"}],"author":[{"embeddable":true,"href":"https:\/\/wiener-koalanokai.com\/de\/wp-json\/wp\/v2\/users\/1"}],"replies":[{"embeddable":true,"href":"https:\/\/wiener-koalanokai.com\/de\/wp-json\/wp\/v2\/comments?post=2582"}],"version-history":[{"count":4,"href":"https:\/\/wiener-koalanokai.com\/de\/wp-json\/wp\/v2\/pages\/2582\/revisions"}],"predecessor-version":[{"id":2821,"href":"https:\/\/wiener-koalanokai.com\/de\/wp-json\/wp\/v2\/pages\/2582\/revisions\/2821"}],"wp:attachment":[{"href":"https:\/\/wiener-koalanokai.com\/de\/wp-json\/wp\/v2\/media?parent=2582"}],"curies":[{"name":"wp","href":"https:\/\/api.w.org\/{rel}","templated":true}]}}