{"id":2688,"date":"2022-01-16T16:09:30","date_gmt":"2022-01-16T15:09:30","guid":{"rendered":"https:\/\/wiener-koalanokai.com\/registrieren-transfer\/"},"modified":"2022-07-23T18:06:25","modified_gmt":"2022-07-23T16:06:25","slug":"registrieren-transfer","status":"publish","type":"page","link":"https:\/\/wiener-koalanokai.com\/de\/registrieren-transfer\/","title":{"rendered":"Bank\u00fcberweisung"},"content":{"rendered":"\n<p class=\"has-large-font-size\"><strong>Registrierung per Bank\u00fcberweisung<\/strong><\/p>\n\n\n\n<p>Bitte beachten Sie, dass es sich um ein \u00f6sterreichisches Bankkonto handelt. Wenn Sie also kein EU-Konto haben, t\u00e4tigen Sie Ihre Einzahlung bitte per internationaler \u00dcberweisung.<br>Anwendung f\u00fcr internationale Geld\u00fcberweisungen (Wise)<\/p>\n\n\n\n<p><strong>(1) Bitte senden Sie eine E-Mail an die folgende Adresse<\/strong><\/p>\n\n\n\n<p>Bitte senden Sie eine E-Mail an [coalawien@gmail.com] mit Ihrem Namen, Ihren Kontaktdaten (Telefonnummer, E-Mail, Adresse) und dem j\u00e4hrlichen Mitgliedsbeitrag (gew\u00fcnschte Anzahl von Einheiten).<\/p>\n\n\n\n<p>(<strong>2) Registrieren Sie sich \u00fcber die Registrierungs-URL<\/strong><\/p>\n\n\n\n<p>Die Wiener Koalano Kai schickt Ihnen einen Link zur Registrierung und ein Passwort f\u00fcr den Registrierungslink zur\u00fcck. Zu diesem Zeitpunkt ist noch keine Zahlung f\u00e4llig.<\/p>\n\n\n\n<p><em><span style=\"color:#6c757d\" class=\"tadv-color\">Aktuell gew\u00e4hlter Jahresbeitrag:<br>Antrag auf Bank\u00fcberweisung<br>Aktuell gew\u00e4hlte Anzahl der Einheiten\/Unit: 0.00\u20ac.<\/span><\/em><\/p>\n\n\n\n<p>Es werden die folgenden Informationen angezeigt. Bitte vervollst\u00e4ndigen Sie die vorl\u00e4ufige Registrierung, indem Sie die erforderlichen Informationen ausf\u00fcllen.<\/p>\n\n\n\n<p class=\"has-normal-font-size\"><strong>(3) Abschluss der vorl\u00e4ufigen Registrierung<\/strong><\/p>\n\n\n\n<p>Nachdem Sie die vorl\u00e4ufige Registrierung abgeschlossen haben, erhalten Sie eine Best\u00e4tigungs E-Mail.<\/p>\n\n\n\n<p><strong>(4) \u00dcberweisung des j\u00e4hrlichen Mitgliedsbeitrags<\/strong><\/p>\n\n\n\n<p>Nach der Registrierung Ihres Kontos bitten wir Sie, Ihre Zahlung so schnell wie m\u00f6glich vorzunehmen; wir werden Ihre Zahlung innerhalb von zwei Wochen best\u00e4tigen.<\/p>\n\n\n\n<hr class=\"wp-block-separator has-text-color has-background has-gray-background-color has-gray-color\"\/>\n\n\n\n<p class=\"has-medium-font-size\"><strong><span style=\"color:#6610f2\" class=\"tadv-color\">Erforderliche Angabe<\/span><span style=\"color:#5533ff\" class=\"tadv-color\">n f\u00fcr die \u00dcberweisung<\/span><\/strong><\/p>\n\n\n\n<p><strong>Name des Zahlungsempf\u00e4ngers<\/strong>: Wiener Koalano Kai<br><strong>Adresse des Zahlungsempf\u00e4ngers:<\/strong> Lerchenfelder Stra\u00dfe 62-64\/14 , (Stadt) Wien (Postleitzahl) 1080, (Land) \u00d6sterreich<br><strong>Kontonummer des Zahlungsempf\u00e4ngers (IBAN)<\/strong>:\u3000AT072011184513679500<br><strong>Bankleitzahl (BIC)<\/strong>: GIBAATWWXXX<br><strong>W\u00e4hrung der \u00dcberweisun<\/strong>g: Euro (EUR)<br><strong>Name der Bank<\/strong>: Erste Bank<br><strong>Bank Adresse<\/strong>: Linke Wienzeile 10, 1060, Wien<br><strong>Verwendungszweck<\/strong>: j\u00e4hrlicher Mitgliedsbeitrag f\u00fcr gemeinn\u00fctzige Organisation Mitgliedschaft f\u00fcr Verein Wiener Koalano Kai (Internationale Musiker\/innenvernetzung und Vermittlung)<\/p>\n\n\n\n<p>*Bitte tragen Sie alle anfallenden \u00dcberweisungsgeb\u00fchren.<\/p>\n\n\n\n<p><\/p>\n\n\n\n<hr class=\"wp-block-separator is-style-wide\"\/>\n\n\n\n<p><\/p>\n\n\n\n<p><\/p>\n","protected":false},"excerpt":{"rendered":"<p>Registrierung per Bank\u00fcberweisung Bitte beachten Sie, dass es sich um ein \u00f6sterreichisches Bankkonto handelt. Wenn Sie also kein EU-Konto haben, t\u00e4tigen Sie Ihre Einzahlung bitte per internationaler \u00dcberweisung.Anwendung f\u00fcr internationale Geld\u00fcberweisungen (Wise) (1) Bitte senden Sie eine E-Mail an die folgende Adresse Bitte senden Sie eine E-Mail an [coalawien@gmail.com] mit Ihrem Namen, Ihren Kontaktdaten (Telefonnummer, [&#8230;]<\/p>\n<p><a class=\"btn btn-secondary understrap-read-more-link\" href=\"https:\/\/wiener-koalanokai.com\/de\/registrieren-transfer\/\">Weiterlesen\u00a0\u2026<span class=\"screen-reader-text\"> from Bank\u00fcberweisung<\/span><\/a><\/p>\n","protected":false},"author":1,"featured_media":0,"parent":0,"menu_order":0,"comment_status":"closed","ping_status":"closed","template":"","meta":{"_bbp_topic_count":0,"_bbp_reply_count":0,"_bbp_total_topic_count":0,"_bbp_total_reply_count":0,"_bbp_voice_count":0,"_bbp_anonymous_reply_count":0,"_bbp_topic_count_hidden":0,"_bbp_reply_count_hidden":0,"_bbp_forum_subforum_count":0,"pmpro_default_level":0,"footnotes":""},"class_list":["post-2688","page","type-page","status-publish","hentry","pmpro-has-access"],"_links":{"self":[{"href":"https:\/\/wiener-koalanokai.com\/de\/wp-json\/wp\/v2\/pages\/2688","targetHints":{"allow":["GET"]}}],"collection":[{"href":"https:\/\/wiener-koalanokai.com\/de\/wp-json\/wp\/v2\/pages"}],"about":[{"href":"https:\/\/wiener-koalanokai.com\/de\/wp-json\/wp\/v2\/types\/page"}],"author":[{"embeddable":true,"href":"https:\/\/wiener-koalanokai.com\/de\/wp-json\/wp\/v2\/users\/1"}],"replies":[{"embeddable":true,"href":"https:\/\/wiener-koalanokai.com\/de\/wp-json\/wp\/v2\/comments?post=2688"}],"version-history":[{"count":4,"href":"https:\/\/wiener-koalanokai.com\/de\/wp-json\/wp\/v2\/pages\/2688\/revisions"}],"predecessor-version":[{"id":2785,"href":"https:\/\/wiener-koalanokai.com\/de\/wp-json\/wp\/v2\/pages\/2688\/revisions\/2785"}],"wp:attachment":[{"href":"https:\/\/wiener-koalanokai.com\/de\/wp-json\/wp\/v2\/media?parent=2688"}],"curies":[{"name":"wp","href":"https:\/\/api.w.org\/{rel}","templated":true}]}}