{"id":374,"date":"2021-09-09T00:43:05","date_gmt":"2021-09-08T22:43:05","guid":{"rendered":"https:\/\/wiener-koalanokai.com\/?page_id=374"},"modified":"2023-12-17T17:26:08","modified_gmt":"2023-12-17T16:26:08","slug":"login-2","status":"publish","type":"page","link":"https:\/\/wiener-koalanokai.com\/ja\/","title":{"rendered":"Wiener \u30b3\u30a2\u30e9\u306e\u4f1a\u3000"},"content":{"rendered":"\n<p class=\"has-huge-font-size\">\uff08\u30af\u30e9\u30b7\u30c3\u30af\u97f3\u697d\u754c\u3092\u6539\u9769\u3059\u308b\u4f1a\uff09<\/p>\n\n\n\n<hr class=\"wp-block-separator\"\/>\n\n\n\n<pre class=\"wp-block-preformatted\"><strong>\u3010\u8a03\u5831\u3011<\/strong>\n\u6307\u63ee\u8005\u30fb\u30b3\u30a2\u30e9\u306e\u4f1a\u4ee3\u8868\u306e\u6e6f\u6d45\u52c7\u6cbb\u5148\u751f\u304c2022\u5e7412\u670817\u65e5\u3001\u30a6\u30a3\u30fc\u30f3\u306e\u81ea\u5b85\u306766\u6b73\u306b\u3066\u6c38\u7720\u81f4\u3057\u307e\u3057\u305f\u3002\u65e2\u306bFacebook\u306b\u591a\u304f\u306e\u8ffd\u60bc\u306e\u30e1\u30c3\u30bb\u30fc\u30b8\u304c\u5c4a\u3044\u3066\u304a\u308a\u307e\u3059\u3002\n\u3054\u51a5\u798f\u3092\u304a\u7948\u308a\u3059\u308b\u3068\u5171\u306b\u3001\u8b39\u3093\u3067\u304a\u77e5\u3089\u305b\u3092\u7533\u3057\u4e0a\u3052\u307e\u3059\u3002\u306a\u304a\u3001\u5148\u751f\u3092\u5072\u3076\u4f1a\u306e\u8a73\u7d30\u306f\u8ffd\u3063\u3066\u9023\u7d61\u3055\u305b\u3066\u3044\u305f\u3060\u304d\u307e\u3059\u3002\n\u5148\u751f\u306e\u3054\u81ea\u5b85(\u30a6\u30a3\u30fc\u30f3\u30fb\u5343\u8449)\u3078\u306e\u732e\u82b1\u306f\u53d7\u53d6\u4eba\u4e0d\u5728\u306e\u305f\u3081\u3001\u5927\u5909\u6050\u7e2e\u3067\u3059\u304c\u3054\u9060\u616e\u304f\u3060\u3055\u3044\u307e\u3059\u3088\u3046\u304a\u9858\u3044\u7533\u3057\u4e0a\u3052\u307e\u3059\u3002\n\nWiener \u30b3\u30a2\u30e9\u306e\u4f1a\u904b\u55b6\n<\/pre>\n\n\n\n<pre class=\"wp-block-preformatted\"><strong>\u3010Todesfall\u3011<\/strong>\nWir m\u00fcssen heute zu unserem tiefsten Bedauern eine traurige Mitteilung machen: der Obmann des Vereins Koalanokai, Herr Yuji Yuasa, Dirigent und Musikp\u00e4dagoge, ist am 17. Dezember 2022 in seiner Wohnung in Wien verstorben. Er wurde 66 Jahre alt.\nEinige von Ihnen werden von dieser unerwarteten Nachricht zutiefst \u00fcberrascht sein, und auch wir k\u00f6nnen es noch immer nicht fassen!\nIch m\u00f6chte Ihnen allen mein aufrichtiges Beileid aussprechen und Sie respektvoll \u00fcber Herrn Yuasas allzufr\u00fchen Tod informieren.\nBlumen w\u00fcrden leider von niemandem angenommen werden, daher bitten wir Sie es zu unterlassen, Blumen an seiner Wohnungt\u00fcr abzulegen.  \n\u00dcber eine geplante Trauerfeier mit der werten Asche des Verstorbenen werden wir Sie in einer weiteren Aussendung benachrichtigen.\nVerein Wiener Koalano Kai\n<\/pre>\n\n\n\n<hr class=\"wp-block-separator\"\/>\n\n\n\n<pre class=\"wp-block-preformatted\">\u4e8b\u52d9\u5c40\u9023\u7d61\u5148: koalainwien@gmail.com<\/pre>\n\n\n\n<div class=\"wp-block-columns is-layout-flex wp-container-core-columns-is-layout-1 wp-block-columns-is-layout-flex\">\n<div class=\"wp-block-column is-layout-flow wp-block-column-is-layout-flow\" style=\"flex-basis:100%\">\n<figure class=\"wp-block-embed is-type-video is-provider-youtube wp-block-embed-youtube wp-embed-aspect-16-9 wp-has-aspect-ratio\"><div class=\"wp-block-embed__wrapper\">\n<iframe loading=\"lazy\" title=\"Wiener\u3000\u30b3\u30a2\u30e9\u306e\u4f1a\" width=\"640\" height=\"360\" src=\"https:\/\/www.youtube.com\/embed\/UXhTYFAGj2g?feature=oembed\" frameborder=\"0\" allow=\"accelerometer; autoplay; clipboard-write; encrypted-media; gyroscope; picture-in-picture; web-share\" referrerpolicy=\"strict-origin-when-cross-origin\" allowfullscreen><\/iframe>\n<\/div><\/figure>\n<\/div>\n<\/div>\n\n\n\n<div class=\"wp-block-group alignfull extendify-hero-eight eplus-4iu8bP\"><div class=\"wp-block-group__inner-container is-layout-flow wp-block-group-is-layout-flow\">\n<div class=\"wp-block-cover alignfull has-parallax eplus-AOdjS9\" style=\"background-image:url(https:\/\/wiener-koalanokai.com\/wp-content\/uploads\/2021\/09\/S__31678488.jpg);min-height:1237px;aspect-ratio:unset;\"><div class=\"wp-block-cover__inner-container is-layout-flow wp-block-cover-is-layout-flow\">\n<div class=\"wp-block-columns eplus-BSpSDT is-layout-flex wp-container-core-columns-is-layout-2 wp-block-columns-is-layout-flex\">\n<div class=\"wp-block-column is-vertically-aligned-top eplus-6OnYk2 is-layout-flow wp-block-column-is-layout-flow\">\n<div class=\"wp-block-buttons is-layout-flex wp-block-buttons-is-layout-flex\">\n<div class=\"wp-block-button has-custom-width wp-block-button__width-25 has-custom-font-size has-large-font-size\"><a class=\"wp-block-button__link has-red-background-color has-background\" href=\"https:\/\/wiener-koalanokai.com\/jp-home\/\" target=\"_blank\" rel=\"noreferrer noopener\"><strong>\u65e5\u672c\u8a9e<\/strong><\/a><\/div>\n\n\n\n<div class=\"wp-block-button has-custom-width wp-block-button__width-25 has-custom-font-size is-style-fill has-large-font-size\"><a class=\"wp-block-button__link has-red-background-color has-background\" href=\"https:\/\/wiener-koalanokai.com\/de-home\/\" target=\"_blank\" rel=\"noreferrer noopener\"><strong>Deutsch<\/strong><\/a><\/div>\n\n\n\n<div class=\"wp-block-button has-custom-width wp-block-button__width-25 has-custom-font-size is-style-fill has-large-font-size\"><a class=\"wp-block-button__link has-red-background-color has-background\" href=\"https:\/\/wiener-koalanokai.com\/en-home\/\" target=\"_blank\" rel=\"noreferrer noopener\"><strong>English<\/strong><\/a><\/div>\n<\/div>\n\n\n\n<h5 class=\"has-text-align-center eplus-6gKVY2 ep-notextcolor wp-block-heading\" style=\"font-size:60px\">Wiener Koalano Kai<\/h5>\n\n\n\n<p><\/p>\n\n\n\n<p><\/p>\n\n\n\n<p><\/p>\n\n\n\n<p><\/p>\n\n\n\n<p><\/p>\n\n\n\n<h2 class=\"has-text-align-center eplus-F66vCN ep-notextcolor has-huge-font-size wp-block-heading\">Wiener \u30b3\u30a2\u30e9\u306e\u4f1a<\/h2>\n<\/div>\n<\/div>\n\n\n\n<p><\/p>\n<\/div><\/div>\n<\/div><\/div>\n\n\n\n<div class=\"wp-block-group alignfull extendify-contact-one eplus-x643iO\"><div class=\"wp-block-group__inner-container is-layout-flow wp-block-group-is-layout-flow\">\n<div class=\"wp-block-columns eplus-Ur66VN is-layout-flex wp-container-core-columns-is-layout-3 wp-block-columns-is-layout-flex\">\n<div class=\"wp-block-column eplus-nrVCyN is-layout-flow wp-block-column-is-layout-flow\" style=\"flex-basis:50%\"><\/div>\n<\/div>\n<\/div><\/div>\n\n\n\n<p><\/p>\n","protected":false},"excerpt":{"rendered":"<p>\uff08\u30af\u30e9\u30b7\u30c3\u30af\u97f3\u697d\u754c\u3092\u6539\u9769\u3059\u308b\u4f1a\uff09 \u3010\u8a03\u5831\u3011 \u6307\u63ee\u8005\u30fb\u30b3\u30a2\u30e9\u306e\u4f1a\u4ee3\u8868\u306e\u6e6f\u6d45\u52c7\u6cbb\u5148\u751f\u304c2022\u5e7412\u670817\u65e5\u3001\u30a6\u30a3\u30fc\u30f3\u306e\u81ea\u5b85\u306766\u6b73\u306b\u3066\u6c38\u7720\u81f4\u3057\u307e\u3057\u305f\u3002\u65e2\u306bFacebook\u306b\u591a\u304f\u306e\u8ffd\u60bc\u306e\u30e1\u30c3\u30bb\u30fc\u30b8\u304c\u5c4a\u3044\u3066\u304a\u308a\u307e\u3059\u3002 \u3054\u51a5\u798f\u3092 [&#8230;]<\/p>\n<p><a class=\"btn btn-secondary understrap-read-more-link\" href=\"https:\/\/wiener-koalanokai.com\/ja\/\">\u7d9a\u304d\u3092\u8aad\u3080&#8230;<span class=\"screen-reader-text\"> from Wiener \u30b3\u30a2\u30e9\u306e\u4f1a\u3000<\/span><\/a><\/p>\n","protected":false},"author":1,"featured_media":0,"parent":0,"menu_order":0,"comment_status":"closed","ping_status":"closed","template":"","meta":{"_bbp_topic_count":0,"_bbp_reply_count":0,"_bbp_total_topic_count":0,"_bbp_total_reply_count":0,"_bbp_voice_count":0,"_bbp_anonymous_reply_count":0,"_bbp_topic_count_hidden":0,"_bbp_reply_count_hidden":0,"_bbp_forum_subforum_count":0,"pmpro_default_level":0,"footnotes":""},"_links":{"self":[{"href":"https:\/\/wiener-koalanokai.com\/ja\/wp-json\/wp\/v2\/pages\/374"}],"collection":[{"href":"https:\/\/wiener-koalanokai.com\/ja\/wp-json\/wp\/v2\/pages"}],"about":[{"href":"https:\/\/wiener-koalanokai.com\/ja\/wp-json\/wp\/v2\/types\/page"}],"author":[{"embeddable":true,"href":"https:\/\/wiener-koalanokai.com\/ja\/wp-json\/wp\/v2\/users\/1"}],"replies":[{"embeddable":true,"href":"https:\/\/wiener-koalanokai.com\/ja\/wp-json\/wp\/v2\/comments?post=374"}],"version-history":[{"count":29,"href":"https:\/\/wiener-koalanokai.com\/ja\/wp-json\/wp\/v2\/pages\/374\/revisions"}],"predecessor-version":[{"id":3162,"href":"https:\/\/wiener-koalanokai.com\/ja\/wp-json\/wp\/v2\/pages\/374\/revisions\/3162"}],"wp:attachment":[{"href":"https:\/\/wiener-koalanokai.com\/ja\/wp-json\/wp\/v2\/media?parent=374"}],"curies":[{"name":"wp","href":"https:\/\/api.w.org\/{rel}","templated":true}]}}